{"id":21154,"date":"2021-01-21T12:49:10","date_gmt":"2021-04-22T15:52:04","guid":{"rendered":"http:\/\/e-led.lv\/product\/nautilus-10-spike\/"},"modified":"2021-04-22T19:01:55","modified_gmt":"2021-04-22T16:01:55","slug":"nautilus-10-spike","status":"publish","type":"product","link":"https:\/\/e-led.lv\/lv\/nautilus-10-spike\/","title":{"rendered":"NAUTILUS 10 Spike"},"content":{"rendered":"<div>\n<div class=\"product-detail__description\">NAUTILUS \u0123imenes mobilie pro\u017eektori ir Plug &amp; Play visvair\u0101k p\u0101rdotie no SLV, kas daudzus gadus ir uzlaboju\u0161i neskait\u0101mu skaitu komerci\u0101lu un priv\u0101tu \u0101ra zonu. Iemesli ir ac\u012bmredzami: bezkompromisa kvalit\u0101te attiec\u012bb\u0101 uz iztur\u012bbu un elast\u012bbu. Vai t\u0101s b\u016btu skarbas ziemas naktis vai silti vasaras vakari, NAUTILUS \u0101ra apdare d\u0101rzu rot\u0101s ar nep\u0101rsp\u0113jamu gaisotni un apgaismojo\u0161iem efektiem. Neatkar\u012bgi no t\u0101, vai j\u016bs ar Nautilus apgaismojat savus ziedus, kokus vai \u016bdens \u012bpa\u0161\u012bbas. NAUTILUS saimei ir pla\u0161s versiju kl\u0101sts ar da\u017e\u0101diem mode\u013ciem, dizainu un kr\u0101s\u0101m, ar aizb\u0101zni vai atv\u0113rtu kabe\u013ca galu, ar uzst\u0101d\u012b\u0161anas pl\u0101ksni vai zemes tapu. L\u016bdzu, \u0146emiet v\u0113r\u0101 maksim\u0101l\u0101s izmantojam\u0101s lampas izm\u0113rus un jaudu (kas nav iek\u013cauta pieg\u0101des komplekt\u0101) ar GU10 kontaktligzdu. Kad j\u016bs \u013causiet p\u0101rsteigties par SLV classic pla\u0161o priek\u0161roc\u012bbu kl\u0101stu?<\/div>\n<\/div>\n<h1 class=\"headline headline--uppercase product-detail__headline\" style=\"text-align: center;\" data-qa=\"component headline\">Tehniskie dati<\/h1>\n<table width=\"506\">\n<tbody>\n<tr>\n<td width=\"141\">Produkta nosaukums<\/td>\n<td width=\"127\">NAUTILUS 10<\/td>\n<td width=\"124\">Augstums<\/td>\n<td width=\"114\">11,7 cm<\/td>\n<\/tr>\n<tr>\n<td>BIG WHITE Page<\/td>\n<td>621<\/td>\n<td>Zemes tapas garums<\/td>\n<td>21 cm<\/td>\n<\/tr>\n<tr>\n<td width=\"141\">Kr\u0101sa<\/td>\n<td>za\u013ca<\/td>\n<td>Rot\u0113jo\u0161a vai noliekama<\/td>\n<td>taisn\u012bba<\/td>\n<\/tr>\n<tr>\n<td>Materi\u0101ls<\/td>\n<td>Alum\u012bnijs<\/td>\n<td>Vertik\u0101l\u0101 sl\u012bpuma diapazons<\/td>\n<td>90 \u00b0<\/td>\n<\/tr>\n<tr>\n<td width=\"141\">elektrisk\u0101 jauda<\/td>\n<td>8,5 W<\/td>\n<td>Gaismas izeja<\/td>\n<td>tie\u0161s<\/td>\n<\/tr>\n<tr>\n<td>Lumen \/ jauda<\/td>\n<td>72,94 lm \/ W<\/td>\n<td>Gaismas intensit\u0101tes sadal\u012bjums<\/td>\n<td>rot\u0101cijas simetrisks<\/td>\n<\/tr>\n<tr>\n<td>Gaismas pl\u016bsma<\/td>\n<td>620 lm<\/td>\n<td>Kr\u0101su konsistence<\/td>\n<td>3 SDCM<\/td>\n<\/tr>\n<tr>\n<td>Kr\u0101su temperat\u016bra<\/td>\n<td>3000 Kelvinu<\/td>\n<td>Kalpo\u0161anas laiks<\/td>\n<td>30000 h<\/td>\n<\/tr>\n<tr>\n<td>Puse staru le\u0146\u0137a<\/td>\n<td>45 \u00b0<\/td>\n<td>Triecieniztur\u012bbas kategorija<\/td>\n<td>IK04<\/td>\n<\/tr>\n<tr>\n<td width=\"141\">CRI<\/td>\n<td>90<\/td>\n<td>Triecieniztur\u012bba<\/td>\n<td>0,5 d\u017eouli<\/td>\n<\/tr>\n<tr>\n<td>Aizsardz\u012bbas kategorija<\/td>\n<td>I<\/td>\n<td>Prim\u0101rais nomin\u0101lais spriegums<\/td>\n<td>100-240V ~ 50 \/ 60Hz<\/td>\n<\/tr>\n<tr>\n<td width=\"141\">IP kods<\/td>\n<td>IP 65<\/td>\n<td>Sekund\u0101r\u0101 jauda \/ sekund\u0101rais spriegums<\/td>\n<td>700mA<\/td>\n<\/tr>\n<tr>\n<td width=\"141\">Mont\u0101\u017ea<\/td>\n<td>Padzi\u013cin\u0101ts<\/td>\n<td>Apk\u0101rt\u0113j\u0101s vides temperat\u016bra<\/td>\n<td>-20 &#8211; 40 \u00b0C<\/td>\n<\/tr>\n<tr>\n<td>Mont\u0101\u017eas deta\u013cas<\/td>\n<td>Zeme<\/td>\n<td>Neto svars<\/td>\n<td>0,89 kg<\/td>\n<\/tr>\n<tr>\n<td>Forma<\/td>\n<td>kvadr\u0101ts<\/td>\n<td>Sv\u0113rtais pat\u0113ri\u0146\u0161<\/td>\n<td>8,5 kWh \/ 1000h<\/td>\n<\/tr>\n<tr>\n<td>Garums<\/td>\n<td>8 cm<\/td>\n<td>LXXBXX dati<\/td>\n<td>L70B50<\/td>\n<\/tr>\n<tr>\n<td>Platums<\/td>\n<td>7 cm<\/td>\n<td><\/td>\n<td><\/td>\n<\/tr>\n<\/tbody>\n<\/table>\n<p><strong><a href=\"http:\/\/e-led.lv\/wp-content\/uploads\/2021\/01\/260145.pdf\"><img decoding=\"async\" class=\" wd-lazy-fade wp-image-10558 alignnone\" role=\"img\" src=\"https:\/\/e-led.lv\/wp-content\/themes\/woodmart\/images\/lazy.svg\" data-src=\"http:\/\/e-led.lv\/wp-content\/uploads\/\/2020\/11\/file-pdf-regular.svg\" alt=\"\" width=\"22\" height=\"29\"> Manual (pdf)<\/a><\/strong><\/p>\n<p><strong><a href=\"http:\/\/e-led.lv\/wp-content\/uploads\/2021\/01\/206405.pdf\"><img decoding=\"async\" class=\" wd-lazy-fade wp-image-10558 alignnone\" role=\"img\" src=\"https:\/\/e-led.lv\/wp-content\/themes\/woodmart\/images\/lazy.svg\" data-src=\"http:\/\/e-led.lv\/wp-content\/uploads\/\/2020\/11\/file-pdf-regular.svg\" alt=\"\" width=\"22\" height=\"29\"> <span class=\"download-item__title\">CE declaration (pdf)<\/span><\/a><\/strong><\/p>\n<p><a href=\"http:\/\/e-led.lv\/wp-content\/uploads\/2021\/01\/2007032.pdf\"><strong><img decoding=\"async\" class=\" wd-lazy-fade wp-image-10558 alignnone\" role=\"img\" src=\"https:\/\/e-led.lv\/wp-content\/themes\/woodmart\/images\/lazy.svg\" data-src=\"http:\/\/e-led.lv\/wp-content\/uploads\/\/2020\/11\/file-pdf-regular.svg\" alt=\"\" width=\"22\" height=\"29\"> <span class=\"download-item__title\">Datasheet (pdf)<\/span><\/strong><\/a><\/p>\n<p><a href=\"http:\/\/e-led.lv\/wp-content\/uploads\/2021\/01\/tender_text-172.txt\"><strong><img decoding=\"async\" class=\" wd-lazy-fade wp-image-10558 alignnone\" role=\"img\" src=\"https:\/\/e-led.lv\/wp-content\/themes\/woodmart\/images\/lazy.svg\" data-src=\"http:\/\/e-led.lv\/wp-content\/uploads\/\/2020\/11\/file-pdf-regular.svg\" alt=\"\" width=\"22\" height=\"29\"> Tender Text (txt)<\/strong><\/a><\/p>\n","protected":false},"excerpt":{"rendered":"<p><span class=\"product-configurator__variants\"><span class=\"product-configurator__description spacing-right--inner spacing-right--small\">LED \u0101ra zemes spike gaismeklis, za\u013c\u0161 IP65 3000K, 45\u00b0,<\/span><\/span><\/p>\n","protected":false},"featured_media":17238,"template":"","meta":[],"product_brand":[],"product_cat":[153],"product_tag":[],"class_list":{"0":"post-21154","1":"product","2":"type-product","3":"status-publish","4":"has-post-thumbnail","6":"product_cat-darza-gaismekli-un-stabini","8":"first","9":"instock","10":"taxable","11":"shipping-taxable","12":"purchasable","13":"product-type-simple"},"_links":{"self":[{"href":"https:\/\/e-led.lv\/lv\/wp-json\/wp\/v2\/product\/21154","targetHints":{"allow":["GET"]}}],"collection":[{"href":"https:\/\/e-led.lv\/lv\/wp-json\/wp\/v2\/product"}],"about":[{"href":"https:\/\/e-led.lv\/lv\/wp-json\/wp\/v2\/types\/product"}],"version-history":[{"count":0,"href":"https:\/\/e-led.lv\/lv\/wp-json\/wp\/v2\/product\/21154\/revisions"}],"wp:featuredmedia":[{"embeddable":true,"href":"https:\/\/e-led.lv\/lv\/wp-json\/wp\/v2\/media\/17238"}],"wp:attachment":[{"href":"https:\/\/e-led.lv\/lv\/wp-json\/wp\/v2\/media?parent=21154"}],"wp:term":[{"taxonomy":"product_brand","embeddable":true,"href":"https:\/\/e-led.lv\/lv\/wp-json\/wp\/v2\/product_brand?post=21154"},{"taxonomy":"product_cat","embeddable":true,"href":"https:\/\/e-led.lv\/lv\/wp-json\/wp\/v2\/product_cat?post=21154"},{"taxonomy":"product_tag","embeddable":true,"href":"https:\/\/e-led.lv\/lv\/wp-json\/wp\/v2\/product_tag?post=21154"}],"curies":[{"name":"wp","href":"https:\/\/api.w.org\/{rel}","templated":true}]}}