{"id":21171,"date":"2021-01-12T19:02:39","date_gmt":"2021-04-22T16:16:50","guid":{"rendered":"http:\/\/e-led.lv\/product\/betona-enku-komplekts\/"},"modified":"2021-04-22T19:16:52","modified_gmt":"2021-04-22T16:16:52","slug":"concrete-anchor-set","status":"publish","type":"product","link":"https:\/\/e-led.lv\/lv\/concrete-anchor-set\/","title":{"rendered":"BETONA ENKU KOMPLEKTS"},"content":{"rendered":"<div>\n<div class=\"product-detail__description\">Betona enkura komplekts LOGS 40 un 70 gr\u012bdas stat\u012bviem tiek izmantots, lai gaismek\u013cus viegli piestiprin\u0101tu pie betona pamatn\u0113m, kuras v\u0113l nav cietu\u0161as.<\/div>\n<\/div>\n<h1 class=\"headline headline--uppercase product-detail__headline\" style=\"text-align: center;\" data-qa=\"component headline\">Tehniskie dati<\/h1>\n<table width=\"489\">\n<tbody>\n<tr>\n<td width=\"122\">BIG WHITE Page<\/td>\n<td width=\"103\">586<\/td>\n<td width=\"164\">Mont\u0101\u017eas deta\u013cas<\/td>\n<td width=\"100\">Zeme<\/td>\n<\/tr>\n<tr>\n<td>Kr\u0101sa<\/td>\n<td>pel\u0113ks<\/td>\n<td>Garums<\/td>\n<td>16.6 cm<\/td>\n<\/tr>\n<tr>\n<td>Materi\u0101ls<\/td>\n<td>T\u0113rauds<\/td>\n<td>Platums<\/td>\n<td>1.2 cm<\/td>\n<\/tr>\n<tr>\n<td>CRI<\/td>\n<td>90<\/td>\n<td>Dzi\u013cums<\/td>\n<td>0.3 cm<\/td>\n<\/tr>\n<tr>\n<td>IP kods<\/td>\n<td>IP 20<\/td>\n<td>Neto svars<\/td>\n<td>0.33 kg<\/td>\n<\/tr>\n<tr>\n<td>Mont\u0101\u017ea<\/td>\n<td>Padzi\u013cin\u0101ts<\/td>\n<td><\/td>\n<td><\/td>\n<\/tr>\n<\/tbody>\n<\/table>\n<p><strong><a href=\"http:\/\/e-led.lv\/wp-content\/uploads\/2021\/01\/382187.pdf\"><img decoding=\"async\" class=\" wd-lazy-fade wp-image-10558 alignnone\" role=\"img\" src=\"https:\/\/e-led.lv\/wp-content\/themes\/woodmart\/images\/lazy.svg\" data-src=\"http:\/\/e-led.lv\/wp-content\/uploads\/\/2020\/11\/file-pdf-regular.svg\" alt=\"\" width=\"22\" height=\"29\"> <span class=\"download-item__title\">Assembly drawings (pdf) <\/span><\/a><br \/>\n<\/strong><\/p>\n<p><a href=\"http:\/\/e-led.lv\/wp-content\/uploads\/2021\/01\/2019744.pdf\"><strong><img decoding=\"async\" class=\" wd-lazy-fade wp-image-10558 alignnone\" role=\"img\" src=\"https:\/\/e-led.lv\/wp-content\/themes\/woodmart\/images\/lazy.svg\" data-src=\"http:\/\/e-led.lv\/wp-content\/uploads\/\/2020\/11\/file-pdf-regular.svg\" alt=\"\" width=\"22\" height=\"29\"> <span class=\"download-item__title\">Datasheet (pdf)<\/span><\/strong><\/a><\/p>\n<p>&nbsp;<\/p>\n","protected":false},"excerpt":{"rendered":"<p><span class=\"product-configurator__variants\"><span class=\"product-configurator__description spacing-right--inner spacing-right--small\">LOGS gr\u012bdas stat\u012bviem, ner\u016bs\u0113jo\u0161ais t\u0113rauds,<\/span><\/span><\/p>\n","protected":false},"featured_media":11513,"template":"","meta":[],"product_brand":[],"product_cat":[169],"product_tag":[],"class_list":{"0":"post-21171","1":"product","2":"type-product","3":"status-publish","4":"has-post-thumbnail","6":"product_cat-aksesuari","8":"first","9":"instock","10":"taxable","11":"shipping-taxable","12":"purchasable","13":"product-type-simple"},"_links":{"self":[{"href":"https:\/\/e-led.lv\/lv\/wp-json\/wp\/v2\/product\/21171","targetHints":{"allow":["GET"]}}],"collection":[{"href":"https:\/\/e-led.lv\/lv\/wp-json\/wp\/v2\/product"}],"about":[{"href":"https:\/\/e-led.lv\/lv\/wp-json\/wp\/v2\/types\/product"}],"version-history":[{"count":0,"href":"https:\/\/e-led.lv\/lv\/wp-json\/wp\/v2\/product\/21171\/revisions"}],"wp:featuredmedia":[{"embeddable":true,"href":"https:\/\/e-led.lv\/lv\/wp-json\/wp\/v2\/media\/11513"}],"wp:attachment":[{"href":"https:\/\/e-led.lv\/lv\/wp-json\/wp\/v2\/media?parent=21171"}],"wp:term":[{"taxonomy":"product_brand","embeddable":true,"href":"https:\/\/e-led.lv\/lv\/wp-json\/wp\/v2\/product_brand?post=21171"},{"taxonomy":"product_cat","embeddable":true,"href":"https:\/\/e-led.lv\/lv\/wp-json\/wp\/v2\/product_cat?post=21171"},{"taxonomy":"product_tag","embeddable":true,"href":"https:\/\/e-led.lv\/lv\/wp-json\/wp\/v2\/product_tag?post=21171"}],"curies":[{"name":"wp","href":"https:\/\/api.w.org\/{rel}","templated":true}]}}