{"id":21173,"date":"2020-11-30T19:27:19","date_gmt":"2021-04-22T16:19:30","guid":{"rendered":"http:\/\/e-led.lv\/product\/adegan-white\/"},"modified":"2021-04-22T19:20:12","modified_gmt":"2021-04-22T16:20:12","slug":"adegan-white","status":"publish","type":"product","link":"https:\/\/e-led.lv\/lv\/adegan-white\/","title":{"rendered":"ADEGAN white"},"content":{"rendered":"<p>Dekorat\u012bvs, mobils alum\u012bnija izgatavots gr\u012bdas stat\u012bvs ar sl\u0113gtu, augstas iztur\u012bbas spuldzes nokr\u0101su, kas izgatavots no datora. Izmantojot IP54 aizsardz\u012bbas klasi, cieto pamatpl\u0101ksni un savienojuma vadu ar t\u012bkla kontaktdak\u0161u, vair\u0101k\u0101s kr\u0101su versij\u0101s pieejamo \u0101ra stiprin\u0101jumu var izmantot jebkur\u0101 viet\u0101. M\u0113s uzst\u0101d\u012b\u0161anai papildus pied\u0101v\u0101jam piem\u0113rotu zemes tapu.<\/p>\n<h1 class=\"headline headline--uppercase product-detail__headline\" style=\"text-align: center;\" data-qa=\"component headline\">Tehniskie dati<\/h1>\n<table width=\"302\">\n<tbody>\n<tr>\n<td width=\"86\">Produkta nosaukums<\/td>\n<td width=\"72\">ADEGAN<\/td>\n<td width=\"72\">Forma<\/td>\n<td width=\"72\">konusveida<\/td>\n<\/tr>\n<tr>\n<td width=\"86\">Kr\u0101sa<\/td>\n<td width=\"72\">balts<\/td>\n<td width=\"72\">Augstums<\/td>\n<td width=\"72\">180 cm<\/td>\n<\/tr>\n<tr>\n<td width=\"86\">Materi\u0101ls<\/td>\n<td width=\"72\">Alum\u012bnijs<\/td>\n<td width=\"72\">Diametrs<\/td>\n<td width=\"72\">40 cm<\/td>\n<\/tr>\n<tr>\n<td width=\"86\">elektrisk\u0101 jauda<\/td>\n<td width=\"72\">24 W<\/td>\n<td width=\"72\">Gaismas izeja<\/td>\n<td width=\"72\">tie\u0161s &#8211; netie\u0161s<\/td>\n<\/tr>\n<tr>\n<td width=\"86\">CRI<\/td>\n<td width=\"72\">90<\/td>\n<td width=\"72\">Gaismas intensit\u0101tes sadal\u012bjums<\/td>\n<td width=\"72\">rot\u0101cijas simetrisks<\/td>\n<\/tr>\n<tr>\n<td width=\"86\">Kontaktligzda<\/td>\n<td width=\"72\">E27<\/td>\n<td width=\"72\">Triecieniztur\u012bbas kategorija<\/td>\n<td width=\"72\">IK04<\/td>\n<\/tr>\n<tr>\n<td width=\"86\">Kontaktligzdu skaits<\/td>\n<td width=\"72\">1<\/td>\n<td width=\"72\">Triecieniztur\u012bba<\/td>\n<td width=\"72\">0,5 d\u017eouli<\/td>\n<\/tr>\n<tr>\n<td width=\"86\">Aizsardz\u012bbas kategorija<\/td>\n<td width=\"72\">II<\/td>\n<td width=\"72\">Prim\u0101rais nomin\u0101lais spriegums<\/td>\n<td width=\"72\">220-240V ~ 50 \/ 60Hz<\/td>\n<\/tr>\n<tr>\n<td width=\"86\">IP kods<\/td>\n<td width=\"72\">IP 54<\/td>\n<td>Neto svars<\/td>\n<td>8.33 kg<\/td>\n<\/tr>\n<tr>\n<td width=\"86\">Mont\u0101\u017ea<\/td>\n<td width=\"72\">Mobilais<\/td>\n<td><\/td>\n<td><\/td>\n<\/tr>\n<\/tbody>\n<\/table>\n<p><strong data-wp-editing=\"1\"><a href=\"http:\/\/e-led.lv\/wp-content\/uploads\/2020\/12\/264003.pdf\"><img decoding=\"async\" class=\" wd-lazy-fade wp-image-10558 alignnone\" role=\"img\" src=\"https:\/\/e-led.lv\/wp-content\/themes\/woodmart\/images\/lazy.svg\" data-src=\"http:\/\/e-led.lv\/wp-content\/uploads\/\/2020\/11\/file-pdf-regular.svg\" alt=\"\" width=\"22\" height=\"29\"> Manual (pdf)<\/a><br \/>\n<\/strong><\/p>\n<p><strong><a href=\"http:\/\/e-led.lv\/wp-content\/uploads\/2020\/12\/211471.pdf\"><img decoding=\"async\" class=\" wd-lazy-fade wp-image-10558 alignnone\" role=\"img\" src=\"https:\/\/e-led.lv\/wp-content\/themes\/woodmart\/images\/lazy.svg\" data-src=\"http:\/\/e-led.lv\/wp-content\/uploads\/\/2020\/11\/file-pdf-regular.svg\" alt=\"\" width=\"22\" height=\"29\"> <\/a><span class=\"download-item__title\"><a href=\"http:\/\/e-led.lv\/wp-content\/uploads\/2020\/12\/211471.pdf\">CE declaration (pdf)<\/a><br \/>\n<\/span><\/strong><\/p>\n<p><strong><a href=\"http:\/\/e-led.lv\/wp-content\/uploads\/2020\/12\/2026226.pdf\"><img decoding=\"async\" class=\" wd-lazy-fade wp-image-10558 alignnone\" role=\"img\" src=\"https:\/\/e-led.lv\/wp-content\/themes\/woodmart\/images\/lazy.svg\" data-src=\"http:\/\/e-led.lv\/wp-content\/uploads\/\/2020\/11\/file-pdf-regular.svg\" alt=\"\" width=\"22\" height=\"29\"> <span class=\"download-item__title\">Datasheet (pdf)<\/span><\/a><\/strong><\/p>\n<p><strong><a href=\"http:\/\/e-led.lv\/wp-content\/uploads\/2020\/12\/tender_text-2.txt\" data-wp-editing=\"1\"><img decoding=\"async\" class=\" wd-lazy-fade wp-image-10558 alignnone\" role=\"img\" src=\"https:\/\/e-led.lv\/wp-content\/themes\/woodmart\/images\/lazy.svg\" data-src=\"http:\/\/e-led.lv\/wp-content\/uploads\/\/2020\/11\/file-pdf-regular.svg\" alt=\"\" width=\"22\" height=\"29\"> Tender Text (txt)<\/a><\/strong><\/p>\n","protected":false},"excerpt":{"rendered":"<p><span class=\"product-configurator__variants\"><span class=\"product-configurator__description spacing-right--inner spacing-right--small\">\u0101ra gr\u012bdas stat\u012bvs, TC- (D,H,T,Q) SE, IP54, balts, maks. 24W,<\/span><\/span><\/p>\n","protected":false},"featured_media":10496,"template":"","meta":[],"product_brand":[],"product_cat":[153],"product_tag":[],"class_list":{"0":"post-21173","1":"product","2":"type-product","3":"status-publish","4":"has-post-thumbnail","6":"product_cat-darza-gaismekli-un-stabini","8":"first","9":"instock","10":"taxable","11":"shipping-taxable","12":"purchasable","13":"product-type-simple"},"_links":{"self":[{"href":"https:\/\/e-led.lv\/lv\/wp-json\/wp\/v2\/product\/21173","targetHints":{"allow":["GET"]}}],"collection":[{"href":"https:\/\/e-led.lv\/lv\/wp-json\/wp\/v2\/product"}],"about":[{"href":"https:\/\/e-led.lv\/lv\/wp-json\/wp\/v2\/types\/product"}],"version-history":[{"count":0,"href":"https:\/\/e-led.lv\/lv\/wp-json\/wp\/v2\/product\/21173\/revisions"}],"wp:featuredmedia":[{"embeddable":true,"href":"https:\/\/e-led.lv\/lv\/wp-json\/wp\/v2\/media\/10496"}],"wp:attachment":[{"href":"https:\/\/e-led.lv\/lv\/wp-json\/wp\/v2\/media?parent=21173"}],"wp:term":[{"taxonomy":"product_brand","embeddable":true,"href":"https:\/\/e-led.lv\/lv\/wp-json\/wp\/v2\/product_brand?post=21173"},{"taxonomy":"product_cat","embeddable":true,"href":"https:\/\/e-led.lv\/lv\/wp-json\/wp\/v2\/product_cat?post=21173"},{"taxonomy":"product_tag","embeddable":true,"href":"https:\/\/e-led.lv\/lv\/wp-json\/wp\/v2\/product_tag?post=21173"}],"curies":[{"name":"wp","href":"https:\/\/api.w.org\/{rel}","templated":true}]}}