{"id":21183,"date":"2021-01-18T19:29:11","date_gmt":"2021-04-22T16:30:24","guid":{"rendered":"http:\/\/e-led.lv\/product\/f-pol-wall\/"},"modified":"2021-04-22T19:30:55","modified_gmt":"2021-04-22T16:30:55","slug":"f-pol-wall","status":"publish","type":"product","link":"https:\/\/e-led.lv\/lv\/f-pol-wall\/","title":{"rendered":"F-POL WALL"},"content":{"rendered":"<div>\n<div class=\"product-detail__description\">F-POL s\u0113rijas sienas apgaismojums, kas izgatavots no alum\u012bnija, nodro\u0161ina apgaismojumu bez atspulgu, pateicoties ieb\u016bv\u0113t\u0101 re\u017e\u0123a konstrukcijai. Tas ir piem\u0113rots izmanto\u0161anai \u0101rpus telp\u0101m, pateicoties t\u0101 IP54 aizsardz\u012bbas klasei. F-POL s\u0113rij\u0101 ir ar\u012b gr\u012bdas stat\u012bvs, t\u0101p\u0113c to var izmantot univers\u0101li.<\/div>\n<\/div>\n<h1 class=\"headline headline--uppercase product-detail__headline\" style=\"text-align: center;\" data-qa=\"component headline\">Tehniskie dati<\/h1>\n<table width=\"506\">\n<tbody>\n<tr>\n<td width=\"141\">Produkta nosaukums<\/td>\n<td width=\"127\">F-POL<\/td>\n<td width=\"124\">Mont\u0101\u017ea<\/td>\n<td width=\"114\">Virsma<\/td>\n<\/tr>\n<tr>\n<td>BIG WHITE Page<\/td>\n<td>646<\/td>\n<td>Mont\u0101\u017eas deta\u013cas<\/td>\n<td>Siena<\/td>\n<\/tr>\n<tr>\n<td width=\"141\">Kr\u0101sa<\/td>\n<td>antrac\u012bts<\/td>\n<td width=\"124\">Forma<\/td>\n<td>cilindrisks<\/td>\n<\/tr>\n<tr>\n<td width=\"141\">Materi\u0101ls<\/td>\n<td>Alum\u012bnijs<\/td>\n<td>Augstums<\/td>\n<td>26 cm<\/td>\n<\/tr>\n<tr>\n<td width=\"141\">elektrisk\u0101 jauda<\/td>\n<td>20 W<\/td>\n<td>Dzi\u013cums<\/td>\n<td>18 cm<\/td>\n<\/tr>\n<tr>\n<td width=\"141\">CRI<\/td>\n<td width=\"127\">90<\/td>\n<td>Diametrs<\/td>\n<td>12 cm<\/td>\n<\/tr>\n<tr>\n<td width=\"141\">Kontaktligzda<\/td>\n<td>E27<\/td>\n<td>Gaismas izeja<\/td>\n<td>tie\u0161s &#8211; netie\u0161s<\/td>\n<\/tr>\n<tr>\n<td width=\"141\">Kontaktligzdu skaits<\/td>\n<td width=\"127\">1<\/td>\n<td>Gaismas intensit\u0101tes sadal\u012bjums<\/td>\n<td>simetrisks<\/td>\n<\/tr>\n<tr>\n<td width=\"141\">Aizsardz\u012bbas kategorija<\/td>\n<td>I<\/td>\n<td width=\"124\">Prim\u0101rais nomin\u0101lais spriegums<\/td>\n<td>230V ~ 50Hz<\/td>\n<\/tr>\n<tr>\n<td width=\"141\">IP kods<\/td>\n<td>IP 54<\/td>\n<td>Neto svars<\/td>\n<td>1.61 kg<\/td>\n<\/tr>\n<\/tbody>\n<\/table>\n<p><strong><a href=\"http:\/\/e-led.lv\/wp-content\/uploads\/2021\/01\/263345.pdf\"><img decoding=\"async\" class=\" wd-lazy-fade wp-image-10558 alignnone\" role=\"img\" src=\"https:\/\/e-led.lv\/wp-content\/themes\/woodmart\/images\/lazy.svg\" data-src=\"http:\/\/e-led.lv\/wp-content\/uploads\/\/2020\/11\/file-pdf-regular.svg\" alt=\"\" width=\"22\" height=\"29\"> Manual (pdf)<\/a><\/strong><\/p>\n<p><strong><a href=\"http:\/\/e-led.lv\/wp-content\/uploads\/2021\/01\/210657.pdf\"><img decoding=\"async\" class=\" wd-lazy-fade wp-image-10558 alignnone\" role=\"img\" src=\"https:\/\/e-led.lv\/wp-content\/themes\/woodmart\/images\/lazy.svg\" data-src=\"http:\/\/e-led.lv\/wp-content\/uploads\/\/2020\/11\/file-pdf-regular.svg\" alt=\"\" width=\"22\" height=\"29\"> <span class=\"download-item__title\">CE declaration (pdf) <\/span><\/a><\/strong><\/p>\n<p><strong><a href=\"http:\/\/e-led.lv\/wp-content\/uploads\/2021\/01\/382256.pdf\"><img decoding=\"async\" class=\" wd-lazy-fade wp-image-10558 alignnone\" role=\"img\" src=\"https:\/\/e-led.lv\/wp-content\/themes\/woodmart\/images\/lazy.svg\" data-src=\"http:\/\/e-led.lv\/wp-content\/uploads\/\/2020\/11\/file-pdf-regular.svg\" alt=\"\" width=\"22\" height=\"29\"> <span class=\"download-item__title\">Assembly drawings (pdf)<\/span><\/a><\/strong><\/p>\n<p><a href=\"http:\/\/e-led.lv\/wp-content\/uploads\/2021\/01\/2026448.pdf\"><strong><img decoding=\"async\" class=\" wd-lazy-fade wp-image-10558 alignnone\" role=\"img\" src=\"https:\/\/e-led.lv\/wp-content\/themes\/woodmart\/images\/lazy.svg\" data-src=\"http:\/\/e-led.lv\/wp-content\/uploads\/\/2020\/11\/file-pdf-regular.svg\" alt=\"\" width=\"22\" height=\"29\"> <span class=\"download-item__title\">Datasheet (pdf)<\/span><\/strong><\/a><\/p>\n<p><a href=\"http:\/\/e-led.lv\/wp-content\/uploads\/2021\/01\/tender_text-57.txt\"><strong><img decoding=\"async\" class=\" wd-lazy-fade wp-image-10558 alignnone\" role=\"img\" src=\"https:\/\/e-led.lv\/wp-content\/themes\/woodmart\/images\/lazy.svg\" data-src=\"http:\/\/e-led.lv\/wp-content\/uploads\/\/2020\/11\/file-pdf-regular.svg\" alt=\"\" width=\"22\" height=\"29\"> Tender Text (txt)<\/strong><\/a><\/p>\n","protected":false},"excerpt":{"rendered":"<p><span class=\"product-configurator__variants\"><span class=\"product-configurator__description spacing-right--inner spacing-right--small\">\u0101ra sienas gaisma, TC-(D,H,T,Q) SE, IP54, apa\u013ca, antrac\u012bts, maks. 20W,<\/span><\/span><\/p>\n","protected":false},"featured_media":13432,"template":"","meta":[],"product_brand":[],"product_cat":[160],"product_tag":[],"class_list":{"0":"post-21183","1":"product","2":"type-product","3":"status-publish","4":"has-post-thumbnail","6":"product_cat-led-fasazu-apgaimojums","8":"first","9":"instock","10":"taxable","11":"shipping-taxable","12":"purchasable","13":"product-type-simple"},"_links":{"self":[{"href":"https:\/\/e-led.lv\/lv\/wp-json\/wp\/v2\/product\/21183","targetHints":{"allow":["GET"]}}],"collection":[{"href":"https:\/\/e-led.lv\/lv\/wp-json\/wp\/v2\/product"}],"about":[{"href":"https:\/\/e-led.lv\/lv\/wp-json\/wp\/v2\/types\/product"}],"version-history":[{"count":0,"href":"https:\/\/e-led.lv\/lv\/wp-json\/wp\/v2\/product\/21183\/revisions"}],"wp:featuredmedia":[{"embeddable":true,"href":"https:\/\/e-led.lv\/lv\/wp-json\/wp\/v2\/media\/13432"}],"wp:attachment":[{"href":"https:\/\/e-led.lv\/lv\/wp-json\/wp\/v2\/media?parent=21183"}],"wp:term":[{"taxonomy":"product_brand","embeddable":true,"href":"https:\/\/e-led.lv\/lv\/wp-json\/wp\/v2\/product_brand?post=21183"},{"taxonomy":"product_cat","embeddable":true,"href":"https:\/\/e-led.lv\/lv\/wp-json\/wp\/v2\/product_cat?post=21183"},{"taxonomy":"product_tag","embeddable":true,"href":"https:\/\/e-led.lv\/lv\/wp-json\/wp\/v2\/product_tag?post=21183"}],"curies":[{"name":"wp","href":"https:\/\/api.w.org\/{rel}","templated":true}]}}