{"id":21198,"date":"2021-01-18T18:58:09","date_gmt":"2021-04-22T16:50:11","guid":{"rendered":"http:\/\/e-led.lv\/product\/transformetajs\/"},"modified":"2025-07-09T19:35:58","modified_gmt":"2025-07-09T16:35:58","slug":"transformer-2","status":"publish","type":"product","link":"https:\/\/e-led.lv\/lv\/transformer-2\/","title":{"rendered":"TRANSFORMATORS"},"content":{"rendered":"<div>\n<div class=\"product-detail__description\">Parastais zemsprieguma transformators, kas nodro\u0161ina 12 V, ko var izmantot ar\u012b \u0101ra apst\u0101k\u013cos, pateicoties t\u0101 IP44 v\u0113rt\u012bbai. Vienk\u0101r\u0161otai darb\u012bbai prim\u0101rais vads ir apr\u012bkots ar spraudni.<\/div>\n<\/div>\n<h1 class=\"headline headline--uppercase product-detail__headline\" style=\"text-align: center;\" data-qa=\"component headline\">Tehniskie dati<\/h1>\n<table width=\"506\">\n<tbody>\n<tr>\n<td width=\"141\">Produkta nosaukums<\/td>\n<td width=\"127\">Transformators<\/td>\n<td width=\"124\">IP kods<\/td>\n<td width=\"114\">IP 44<\/td>\n<\/tr>\n<tr>\n<td>BIG WHITE Page<\/td>\n<td>828<\/td>\n<td>Garums<\/td>\n<td>6 cm<\/td>\n<\/tr>\n<tr>\n<td width=\"141\">Kr\u0101sa<\/td>\n<td>melns<\/td>\n<td>Platums<\/td>\n<td>10 cm<\/td>\n<\/tr>\n<tr>\n<td width=\"141\">Materi\u0101ls<\/td>\n<td>Plastmasa<\/td>\n<td>Augstums<\/td>\n<td>6.3 cm<\/td>\n<\/tr>\n<tr>\n<td width=\"141\">CRI<\/td>\n<td width=\"127\">90<\/td>\n<td>Izejas spriegums<\/td>\n<td>12V AC<\/td>\n<\/tr>\n<tr>\n<td>Dimm\u0113jams<\/td>\n<td>J\u0101<\/td>\n<td>Nomin\u0101l\u0101 jauda<\/td>\n<td>60 VA<\/td>\n<\/tr>\n<tr>\n<td>Aptum\u0161o\u0161anas tehnolo\u0123ija<\/td>\n<td width=\"127\">Dimm\u0113jams<br \/>\nVado\u0161\u0101 mala<br \/>\nTRIAC priek\u0161\u0113j\u0101 mala<\/td>\n<td width=\"124\">Prim\u0101rais nomin\u0101lais spriegums<\/td>\n<td>230V ~ 50Hz<\/td>\n<\/tr>\n<tr>\n<td width=\"141\">Aizsardz\u012bbas kategorija<\/td>\n<td>II<\/td>\n<td>Neto svars<\/td>\n<td>1.31 kg<\/td>\n<\/tr>\n<\/tbody>\n<\/table>\n<p><strong><a href=\"https:\/\/e-led.lv\/wp-content\/uploads\/2021\/01\/264307.pdf\"><img decoding=\"async\" class=\" wd-lazy-fade wp-image-10557 alignnone\" role=\"img\" src=\"https:\/\/e-led.lv\/wp-content\/themes\/woodmart\/images\/lazy.svg\" data-src=\"https:\/\/e-led.lv\/wp-content\/uploads\/2020\/11\/file-pdf-regular.svg\" alt=\"\" width=\"22\" height=\"29\"> Manual (pdf)<\/a><\/strong><\/p>\n<p><strong><a href=\"https:\/\/e-led.lv\/wp-content\/uploads\/2021\/01\/211864.pdf\"><img decoding=\"async\" class=\" wd-lazy-fade wp-image-10557 alignnone\" role=\"img\" src=\"https:\/\/e-led.lv\/wp-content\/themes\/woodmart\/images\/lazy.svg\" data-src=\"https:\/\/e-led.lv\/wp-content\/uploads\/2020\/11\/file-pdf-regular.svg\" alt=\"\" width=\"22\" height=\"29\"> <span class=\"download-item__title\">CE declaration (pdf)<\/span><\/a><\/strong><\/p>\n<p><a href=\"https:\/\/e-led.lv\/wp-content\/uploads\/2021\/01\/2026098.pdf\"><strong><img decoding=\"async\" class=\" wd-lazy-fade wp-image-10557 alignnone\" role=\"img\" src=\"https:\/\/e-led.lv\/wp-content\/themes\/woodmart\/images\/lazy.svg\" data-src=\"https:\/\/e-led.lv\/wp-content\/uploads\/2020\/11\/file-pdf-regular.svg\" alt=\"\" width=\"22\" height=\"29\"> <span class=\"download-item__title\">Datasheet (pdf)<\/span><\/strong><\/a><\/p>\n","protected":false},"excerpt":{"rendered":"<p><span class=\"product-configurator__variants\"><span class=\"product-configurator__description spacing-right--inner spacing-right--small\">60VA, 12V, IP44,<\/span><\/span><\/p>\n","protected":false},"featured_media":13174,"template":"","meta":[],"product_brand":[],"product_cat":[169],"product_tag":[],"class_list":{"0":"post-21198","1":"product","2":"type-product","3":"status-publish","4":"has-post-thumbnail","6":"product_cat-aksesuari","8":"first","9":"instock","10":"taxable","11":"shipping-taxable","12":"purchasable","13":"product-type-simple"},"_links":{"self":[{"href":"https:\/\/e-led.lv\/lv\/wp-json\/wp\/v2\/product\/21198","targetHints":{"allow":["GET"]}}],"collection":[{"href":"https:\/\/e-led.lv\/lv\/wp-json\/wp\/v2\/product"}],"about":[{"href":"https:\/\/e-led.lv\/lv\/wp-json\/wp\/v2\/types\/product"}],"version-history":[{"count":1,"href":"https:\/\/e-led.lv\/lv\/wp-json\/wp\/v2\/product\/21198\/revisions"}],"predecessor-version":[{"id":38364,"href":"https:\/\/e-led.lv\/lv\/wp-json\/wp\/v2\/product\/21198\/revisions\/38364"}],"wp:featuredmedia":[{"embeddable":true,"href":"https:\/\/e-led.lv\/lv\/wp-json\/wp\/v2\/media\/13174"}],"wp:attachment":[{"href":"https:\/\/e-led.lv\/lv\/wp-json\/wp\/v2\/media?parent=21198"}],"wp:term":[{"taxonomy":"product_brand","embeddable":true,"href":"https:\/\/e-led.lv\/lv\/wp-json\/wp\/v2\/product_brand?post=21198"},{"taxonomy":"product_cat","embeddable":true,"href":"https:\/\/e-led.lv\/lv\/wp-json\/wp\/v2\/product_cat?post=21198"},{"taxonomy":"product_tag","embeddable":true,"href":"https:\/\/e-led.lv\/lv\/wp-json\/wp\/v2\/product_tag?post=21198"}],"curies":[{"name":"wp","href":"https:\/\/api.w.org\/{rel}","templated":true}]}}