{"id":21203,"date":"2021-01-13T20:30:36","date_gmt":"2021-04-22T16:54:09","guid":{"rendered":"http:\/\/e-led.lv\/product\/led-stravas-padeve\/"},"modified":"2021-04-22T19:54:11","modified_gmt":"2021-04-22T16:54:11","slug":"led-power-supply-2","status":"publish","type":"product","link":"https:\/\/e-led.lv\/lv\/led-power-supply-2\/","title":{"rendered":"LED str\u0101vas padeve"},"content":{"rendered":"<div>\n<div class=\"product-detail__description\">LED str\u0101vas padeve, kas nodro\u0161ina 12V past\u0101v\u012bgu str\u0101vu jaudai 0-12W.<\/div>\n<\/div>\n<h1 class=\"headline headline--uppercase product-detail__headline\" style=\"text-align: center;\" data-qa=\"component headline\">Tehniskie dati<\/h1>\n<table width=\"506\">\n<tbody>\n<tr>\n<td width=\"141\">Produkta nosaukums<\/td>\n<td width=\"127\">LED Netzteil<\/td>\n<td width=\"124\">Garums<\/td>\n<td width=\"114\">8.5 cm<\/td>\n<\/tr>\n<tr>\n<td>BIG WHITE Page<\/td>\n<td>83<\/td>\n<td>Platums<\/td>\n<td>4 cm<\/td>\n<\/tr>\n<tr>\n<td width=\"141\">Kr\u0101sa<\/td>\n<td>balts<\/td>\n<td>Augstums<\/td>\n<td>2.2 cm<\/td>\n<\/tr>\n<tr>\n<td width=\"141\">Materi\u0101ls<\/td>\n<td>Polikarbon\u0101ts (PC)<\/td>\n<td>Izejas spriegums<\/td>\n<td>12V DC<\/td>\n<\/tr>\n<tr>\n<td width=\"141\">CRI<\/td>\n<td width=\"127\">90<\/td>\n<td width=\"124\">Prim\u0101rais nomin\u0101lais spriegums<\/td>\n<td>220-240V ~ 50 \/ 60Hz<\/td>\n<\/tr>\n<tr>\n<td width=\"141\">Aizsardz\u012bbas kategorija<\/td>\n<td>II<\/td>\n<td>Neto svars<\/td>\n<td>0.06 kg<\/td>\n<\/tr>\n<tr>\n<td width=\"141\">IP kods<\/td>\n<td>IP 20<\/td>\n<td>Neatkar\u012bgs p\u0101rveidot\u0101js<\/td>\n<td>J\u0101<\/td>\n<\/tr>\n<\/tbody>\n<\/table>\n<p><a href=\"http:\/\/e-led.lv\/wp-content\/uploads\/2021\/01\/262605.pdf\"><strong><img decoding=\"async\" class=\" wd-lazy-fade wp-image-10558 alignnone\" role=\"img\" src=\"https:\/\/e-led.lv\/wp-content\/themes\/woodmart\/images\/lazy.svg\" data-src=\"http:\/\/e-led.lv\/wp-content\/uploads\/\/2020\/11\/file-pdf-regular.svg\" alt=\"\" width=\"22\" height=\"29\"> <span class=\"download-item__title\">Manual (pdf) <\/span><\/strong><\/a><\/p>\n<p><a href=\"http:\/\/e-led.lv\/wp-content\/uploads\/2021\/01\/209644.pdf\"><strong><img decoding=\"async\" class=\" wd-lazy-fade wp-image-10558 alignnone\" role=\"img\" src=\"https:\/\/e-led.lv\/wp-content\/themes\/woodmart\/images\/lazy.svg\" data-src=\"http:\/\/e-led.lv\/wp-content\/uploads\/\/2020\/11\/file-pdf-regular.svg\" alt=\"\" width=\"22\" height=\"29\"> <span class=\"download-item__title\">CE declaration (pdf)<\/span><\/strong><\/a><\/p>\n<p><a href=\"http:\/\/e-led.lv\/wp-content\/uploads\/2021\/01\/2020048.pdf\"><strong><img decoding=\"async\" class=\" wd-lazy-fade wp-image-10558 alignnone\" role=\"img\" src=\"https:\/\/e-led.lv\/wp-content\/themes\/woodmart\/images\/lazy.svg\" data-src=\"http:\/\/e-led.lv\/wp-content\/uploads\/\/2020\/11\/file-pdf-regular.svg\" alt=\"\" width=\"22\" height=\"29\"> <span class=\"download-item__title\">Datasheet (pdf)<\/span><\/strong><\/a><\/p>\n","protected":false},"excerpt":{"rendered":"<p><span class=\"product-configurator__variants\"><span class=\"product-configurator__description spacing-right--inner spacing-right--small\">12W, 12V,<\/span><\/span><\/p>\n","protected":false},"featured_media":12538,"template":"","meta":[],"product_brand":[],"product_cat":[169],"product_tag":[],"class_list":{"0":"post-21203","1":"product","2":"type-product","3":"status-publish","4":"has-post-thumbnail","6":"product_cat-aksesuari","8":"first","9":"instock","10":"taxable","11":"shipping-taxable","12":"purchasable","13":"product-type-simple"},"_links":{"self":[{"href":"https:\/\/e-led.lv\/lv\/wp-json\/wp\/v2\/product\/21203","targetHints":{"allow":["GET"]}}],"collection":[{"href":"https:\/\/e-led.lv\/lv\/wp-json\/wp\/v2\/product"}],"about":[{"href":"https:\/\/e-led.lv\/lv\/wp-json\/wp\/v2\/types\/product"}],"version-history":[{"count":0,"href":"https:\/\/e-led.lv\/lv\/wp-json\/wp\/v2\/product\/21203\/revisions"}],"wp:featuredmedia":[{"embeddable":true,"href":"https:\/\/e-led.lv\/lv\/wp-json\/wp\/v2\/media\/12538"}],"wp:attachment":[{"href":"https:\/\/e-led.lv\/lv\/wp-json\/wp\/v2\/media?parent=21203"}],"wp:term":[{"taxonomy":"product_brand","embeddable":true,"href":"https:\/\/e-led.lv\/lv\/wp-json\/wp\/v2\/product_brand?post=21203"},{"taxonomy":"product_cat","embeddable":true,"href":"https:\/\/e-led.lv\/lv\/wp-json\/wp\/v2\/product_cat?post=21203"},{"taxonomy":"product_tag","embeddable":true,"href":"https:\/\/e-led.lv\/lv\/wp-json\/wp\/v2\/product_tag?post=21203"}],"curies":[{"name":"wp","href":"https:\/\/api.w.org\/{rel}","templated":true}]}}