{"id":21217,"date":"2021-01-18T19:05:22","date_gmt":"2021-04-22T17:04:17","guid":{"rendered":"http:\/\/e-led.lv\/product\/uzstadisanas-plaksne\/"},"modified":"2021-04-22T20:04:18","modified_gmt":"2021-04-22T17:04:18","slug":"installation-plate-2","status":"publish","type":"product","link":"https:\/\/e-led.lv\/lv\/installation-plate-2\/","title":{"rendered":"Uzst\u0101d\u012b\u0161anas pl\u0101ksne"},"content":{"rendered":"<div>\n<div class=\"product-detail__description\">Ner\u016bs\u0113jo\u0161\u0101 t\u0113rauda uzst\u0101d\u012b\u0161anas pl\u0101ksne DASAR PROJECTOR.<\/div>\n<\/div>\n<h1 class=\"headline headline--uppercase product-detail__headline\" style=\"text-align: center;\" data-qa=\"component headline\">Tehniskie dati<\/h1>\n<table width=\"506\">\n<tbody>\n<tr>\n<td width=\"141\">BIG WHITE Page<\/td>\n<td width=\"127\">630<\/td>\n<td width=\"124\">Garums<\/td>\n<td width=\"114\">7 cm<\/td>\n<\/tr>\n<tr>\n<td>Kr\u0101sa<\/td>\n<td>Ner\u016bs\u0113jo\u0161ais t\u0113rauds<\/td>\n<td>Platums<\/td>\n<td>7 cm<\/td>\n<\/tr>\n<tr>\n<td>Materi\u0101ls<\/td>\n<td>Ner\u016bs\u0113jo\u0161ais t\u0113rauds<\/td>\n<td>Augstums<\/td>\n<td>0.5 cm<\/td>\n<\/tr>\n<tr>\n<td>CRI<\/td>\n<td>90<\/td>\n<td>Neto svars<\/td>\n<td>0.2 kg<\/td>\n<\/tr>\n<tr>\n<td>IP kods<\/td>\n<td>IP 20<\/td>\n<td><\/td>\n<td><\/td>\n<\/tr>\n<\/tbody>\n<\/table>\n<p><a href=\"http:\/\/e-led.lv\/wp-content\/uploads\/2021\/01\/2019882-1.pdf\"><strong><img decoding=\"async\" class=\" wd-lazy-fade wp-image-10558 alignnone\" role=\"img\" src=\"https:\/\/e-led.lv\/wp-content\/themes\/woodmart\/images\/lazy.svg\" data-src=\"http:\/\/e-led.lv\/wp-content\/uploads\/\/2020\/11\/file-pdf-regular.svg\" alt=\"\" width=\"22\" height=\"29\"> <span class=\"download-item__title\">Datasheet (pdf)<\/span><\/strong><\/a><\/p>\n","protected":false},"excerpt":{"rendered":"<p><span class=\"product-configurator__variants\"><span class=\"product-configurator__description spacing-right--inner spacing-right--small\">DASAR PROJECTOR \u0101ra pro\u017eektoram, ner\u016bs\u0113jo\u0161ais t\u0113rauds 316,<\/span><\/span><\/p>\n","protected":false},"featured_media":13239,"template":"","meta":[],"product_brand":[],"product_cat":[169],"product_tag":[],"class_list":{"0":"post-21217","1":"product","2":"type-product","3":"status-publish","4":"has-post-thumbnail","6":"product_cat-aksesuari","8":"first","9":"instock","10":"taxable","11":"shipping-taxable","12":"purchasable","13":"product-type-simple"},"_links":{"self":[{"href":"https:\/\/e-led.lv\/lv\/wp-json\/wp\/v2\/product\/21217","targetHints":{"allow":["GET"]}}],"collection":[{"href":"https:\/\/e-led.lv\/lv\/wp-json\/wp\/v2\/product"}],"about":[{"href":"https:\/\/e-led.lv\/lv\/wp-json\/wp\/v2\/types\/product"}],"version-history":[{"count":0,"href":"https:\/\/e-led.lv\/lv\/wp-json\/wp\/v2\/product\/21217\/revisions"}],"wp:featuredmedia":[{"embeddable":true,"href":"https:\/\/e-led.lv\/lv\/wp-json\/wp\/v2\/media\/13239"}],"wp:attachment":[{"href":"https:\/\/e-led.lv\/lv\/wp-json\/wp\/v2\/media?parent=21217"}],"wp:term":[{"taxonomy":"product_brand","embeddable":true,"href":"https:\/\/e-led.lv\/lv\/wp-json\/wp\/v2\/product_brand?post=21217"},{"taxonomy":"product_cat","embeddable":true,"href":"https:\/\/e-led.lv\/lv\/wp-json\/wp\/v2\/product_cat?post=21217"},{"taxonomy":"product_tag","embeddable":true,"href":"https:\/\/e-led.lv\/lv\/wp-json\/wp\/v2\/product_tag?post=21217"}],"curies":[{"name":"wp","href":"https:\/\/api.w.org\/{rel}","templated":true}]}}