{"id":21221,"date":"2021-01-13T18:29:52","date_gmt":"2021-04-22T17:12:03","guid":{"rendered":"http:\/\/e-led.lv\/product\/quadrasyl-75-anthracite\/"},"modified":"2021-04-22T20:12:06","modified_gmt":"2021-04-22T17:12:06","slug":"quadrasyl-75-anthracite","status":"publish","type":"product","link":"https:\/\/e-led.lv\/lv\/quadrasyl-75-anthracite\/","title":{"rendered":"QUADRASYL 75 anthracite"},"content":{"rendered":"<div>\n<div class=\"product-detail__description\">Kvadr\u0101tveida, br\u012bvi st\u0101vo\u0161a gaisma QUADRASYL 75, kas izgatavota no kr\u0101sota alum\u012bnija. Ar aizsardz\u012bbas klasi IP44 tas ir piem\u0113rots izmanto\u0161anai \u0101rpus telp\u0101m. Gaismek\u013ca elektriskais savienojums, kas ir div\u0101s kr\u0101s\u0101s, tiek veikts tie\u0161i pie 230 V t\u012bkla. Dro\u0161ai elektriskai piesl\u0113g\u0161anai lampas v\u0101rpst\u0101 ir pieejama ar\u012b papildu piesl\u0113guma kaste. Uzst\u0101d\u012b\u0161anas \u0113rt\u012bbai pieg\u0101des komplekt\u0101 ietilpst betona enkuru komplekts. QUADRASYL kl\u0101st\u0101 ietilpst ar\u012b griestu lukturi, t\u0101p\u0113c tos var izmantot jebkur.<\/div>\n<\/div>\n<h1 class=\"headline headline--uppercase product-detail__headline\" style=\"text-align: center;\" data-qa=\"component headline\">Tehniskie dati<\/h1>\n<table width=\"506\">\n<tbody>\n<tr>\n<td width=\"141\">Produkta nosaukums<\/td>\n<td width=\"127\">QUADRASYL 75<\/td>\n<td width=\"124\">IP kods<\/td>\n<td width=\"114\">IP 44<\/td>\n<\/tr>\n<tr>\n<td>BIG WHITE Page<\/td>\n<td>605<\/td>\n<td width=\"124\">Mont\u0101\u017ea<\/td>\n<td>Virsma<\/td>\n<\/tr>\n<tr>\n<td width=\"141\">Kr\u0101sa<\/td>\n<td>antrac\u012bts<\/td>\n<td>Mont\u0101\u017eas deta\u013cas<\/td>\n<td>Zeme<\/td>\n<\/tr>\n<tr>\n<td width=\"141\">Materi\u0101ls<\/td>\n<td>Alum\u012bnijs<\/td>\n<td width=\"124\">Forma<\/td>\n<td>kvadr\u0101ts<\/td>\n<\/tr>\n<tr>\n<td width=\"141\">elektrisk\u0101 jauda<\/td>\n<td>11 W<\/td>\n<td>Augstums<\/td>\n<td>19 cm<\/td>\n<\/tr>\n<tr>\n<td width=\"141\">CRI<\/td>\n<td width=\"127\">90<\/td>\n<td>Diametrs<\/td>\n<td>75 cm<\/td>\n<\/tr>\n<tr>\n<td>Lampa<\/td>\n<td>TCR-TSE<\/td>\n<td>Gaismas izeja<\/td>\n<td>tie\u0161s<\/td>\n<\/tr>\n<tr>\n<td width=\"141\">Kontaktligzda<\/td>\n<td>GX53<\/td>\n<td width=\"124\">Prim\u0101rais nomin\u0101lais spriegums<\/td>\n<td>220-240V ~ 50 \/ 60Hz<\/td>\n<\/tr>\n<tr>\n<td width=\"141\">Kontaktligzdu skaits<\/td>\n<td width=\"127\">1<\/td>\n<td>Neto svars<\/td>\n<td>3.18 kg<\/td>\n<\/tr>\n<tr>\n<td width=\"141\">Aizsardz\u012bbas kategorija<\/td>\n<td width=\"127\">I<\/td>\n<td><\/td>\n<td><\/td>\n<\/tr>\n<\/tbody>\n<\/table>\n<p><strong><a href=\"http:\/\/e-led.lv\/wp-content\/uploads\/2021\/01\/263205.pdf\"><img decoding=\"async\" class=\" wd-lazy-fade wp-image-10558 alignnone\" role=\"img\" src=\"https:\/\/e-led.lv\/wp-content\/themes\/woodmart\/images\/lazy.svg\" data-src=\"http:\/\/e-led.lv\/wp-content\/uploads\/\/2020\/11\/file-pdf-regular.svg\" alt=\"\" width=\"22\" height=\"29\"> Manual (pdf)<\/a><\/strong><\/p>\n<p><strong><a href=\"http:\/\/e-led.lv\/wp-content\/uploads\/2021\/01\/210465.pdf\"><img decoding=\"async\" class=\" wd-lazy-fade wp-image-10558 alignnone\" role=\"img\" src=\"https:\/\/e-led.lv\/wp-content\/themes\/woodmart\/images\/lazy.svg\" data-src=\"http:\/\/e-led.lv\/wp-content\/uploads\/\/2020\/11\/file-pdf-regular.svg\" alt=\"\" width=\"22\" height=\"29\"> <span class=\"download-item__title\">CE declaration (pdf) <\/span><\/a><\/strong><\/p>\n<p><strong><a href=\"http:\/\/e-led.lv\/wp-content\/uploads\/2021\/01\/382167.pdf\"><img decoding=\"async\" class=\" wd-lazy-fade wp-image-10558 alignnone\" role=\"img\" src=\"https:\/\/e-led.lv\/wp-content\/themes\/woodmart\/images\/lazy.svg\" data-src=\"http:\/\/e-led.lv\/wp-content\/uploads\/\/2020\/11\/file-pdf-regular.svg\" alt=\"\" width=\"22\" height=\"29\"> <span class=\"download-item__title\">Assembly drawings (pdf) <\/span><\/a><br \/>\n<\/strong><\/p>\n<p><a href=\"http:\/\/e-led.lv\/wp-content\/uploads\/2021\/01\/2026498.pdf\"><strong><img decoding=\"async\" class=\" wd-lazy-fade wp-image-10558 alignnone\" role=\"img\" src=\"https:\/\/e-led.lv\/wp-content\/themes\/woodmart\/images\/lazy.svg\" data-src=\"http:\/\/e-led.lv\/wp-content\/uploads\/\/2020\/11\/file-pdf-regular.svg\" alt=\"\" width=\"22\" height=\"29\"> <span class=\"download-item__title\">Datasheet (pdf)<\/span><\/strong><\/a><\/p>\n<p><a href=\"http:\/\/e-led.lv\/wp-content\/uploads\/2021\/01\/tender_text-20.txt\"><strong><img decoding=\"async\" class=\" wd-lazy-fade wp-image-10558 alignnone\" role=\"img\" src=\"https:\/\/e-led.lv\/wp-content\/themes\/woodmart\/images\/lazy.svg\" data-src=\"http:\/\/e-led.lv\/wp-content\/uploads\/\/2020\/11\/file-pdf-regular.svg\" alt=\"\" width=\"22\" height=\"29\"> Tender Text (txt)<\/strong><\/a><\/p>\n","protected":false},"excerpt":{"rendered":"<p><span class=\"product-configurator__variants\"><span class=\"product-configurator__description spacing-right--inner spacing-right--small\">\u0101ra gr\u012bdas spuldze, energotaup\u012bbas spuldze GX53, IP44, kvadr\u0101tveida, antrac\u012bts, L\/W\/H 19\/22,5\/75 cm, maks. 11W,<\/span><\/span><\/p>\n","protected":false},"featured_media":12085,"template":"","meta":[],"product_brand":[],"product_cat":[153],"product_tag":[],"class_list":{"0":"post-21221","1":"product","2":"type-product","3":"status-publish","4":"has-post-thumbnail","6":"product_cat-darza-gaismekli-un-stabini","8":"first","9":"instock","10":"taxable","11":"shipping-taxable","12":"purchasable","13":"product-type-simple"},"_links":{"self":[{"href":"https:\/\/e-led.lv\/lv\/wp-json\/wp\/v2\/product\/21221","targetHints":{"allow":["GET"]}}],"collection":[{"href":"https:\/\/e-led.lv\/lv\/wp-json\/wp\/v2\/product"}],"about":[{"href":"https:\/\/e-led.lv\/lv\/wp-json\/wp\/v2\/types\/product"}],"version-history":[{"count":0,"href":"https:\/\/e-led.lv\/lv\/wp-json\/wp\/v2\/product\/21221\/revisions"}],"wp:featuredmedia":[{"embeddable":true,"href":"https:\/\/e-led.lv\/lv\/wp-json\/wp\/v2\/media\/12085"}],"wp:attachment":[{"href":"https:\/\/e-led.lv\/lv\/wp-json\/wp\/v2\/media?parent=21221"}],"wp:term":[{"taxonomy":"product_brand","embeddable":true,"href":"https:\/\/e-led.lv\/lv\/wp-json\/wp\/v2\/product_brand?post=21221"},{"taxonomy":"product_cat","embeddable":true,"href":"https:\/\/e-led.lv\/lv\/wp-json\/wp\/v2\/product_cat?post=21221"},{"taxonomy":"product_tag","embeddable":true,"href":"https:\/\/e-led.lv\/lv\/wp-json\/wp\/v2\/product_tag?post=21221"}],"curies":[{"name":"wp","href":"https:\/\/api.w.org\/{rel}","templated":true}]}}