{"id":21231,"date":"2021-01-19T18:22:52","date_gmt":"2021-04-22T17:27:17","guid":{"rendered":"http:\/\/e-led.lv\/product\/downunder-out\/"},"modified":"2021-04-22T20:27:19","modified_gmt":"2021-04-22T17:27:19","slug":"downunder-out-2","status":"publish","type":"product","link":"https:\/\/e-led.lv\/lv\/downunder-out-2\/","title":{"rendered":"DOWNUNDER OUT"},"content":{"rendered":"<div>\n<div class=\"product-detail__description\">Pie sienas piestiprin\u0101ta gaisma, piem\u0113ram, DOWNUNDER OUT, ir aizsarg\u0101ta pret \u016bdens str\u016bkl\u0101m no visiem virzieniem, k\u0101 ar\u012b no putek\u013cu nogulsn\u0113m. Aizsardz\u012bbas kategorija IP55 garant\u0113 bez probl\u0113m\u0101m lieto\u0161anu \u0101rpus telp\u0101m. Apm\u0113ram 40 gadus z\u012bmols SLV ir iest\u0101jies par daudzpus\u012bgiem apgaismojuma risin\u0101jumiem ar iespaid\u012bgu kvalit\u0101ti, rado\u0161u dizainu un sapr\u0101t\u012bg\u0101m cen\u0101m.<\/div>\n<\/div>\n<h1 class=\"headline headline--uppercase product-detail__headline\" style=\"text-align: center;\" data-qa=\"component headline\">Tehniskie dati<\/h1>\n<table width=\"506\">\n<tbody>\n<tr>\n<td width=\"141\">Produkta nosaukums<\/td>\n<td width=\"127\">DOWNUNDER OUT<\/td>\n<td width=\"124\">Platums<\/td>\n<td width=\"114\">13.2 cm<\/td>\n<\/tr>\n<tr>\n<td>BIG WHITE Page<\/td>\n<td>658<\/td>\n<td>Augstums<\/td>\n<td>13.2 cm<\/td>\n<\/tr>\n<tr>\n<td width=\"141\">Kr\u0101sa<\/td>\n<td>antrac\u012bts<\/td>\n<td>Dzi\u013cums<\/td>\n<td>3.7 cm<\/td>\n<\/tr>\n<tr>\n<td width=\"141\">Materi\u0101ls<\/td>\n<td>Alum\u012bnijs<\/td>\n<td>Gaismas izeja<\/td>\n<td>tie\u0161s<\/td>\n<\/tr>\n<tr>\n<td width=\"141\">elektrisk\u0101 jauda<\/td>\n<td>4.5 W<\/td>\n<td>Gaismas intensit\u0101tes sadal\u012bjums<\/td>\n<td>asimetrisks<\/td>\n<\/tr>\n<tr>\n<td>Lumen \/ jauda<\/td>\n<td>33.33 lm\/W<\/td>\n<td>Kr\u0101su konsistence<\/td>\n<td>3 SDCM<\/td>\n<\/tr>\n<tr>\n<td>Gaismas pl\u016bsma<\/td>\n<td>150 lm<\/td>\n<td>Kalpo\u0161anas laiks<\/td>\n<td>30000 h<\/td>\n<\/tr>\n<tr>\n<td width=\"141\">CRI<\/td>\n<td width=\"127\">90<\/td>\n<td width=\"124\">Prim\u0101rais nomin\u0101lais spriegums<\/td>\n<td>100-277V ~50\/60Hz<\/td>\n<\/tr>\n<tr>\n<td>CCT sl\u0113dzis<\/td>\n<td>J\u0101<\/td>\n<td>Sekund\u0101r\u0101 jauda \/ sekund\u0101rais spriegums<\/td>\n<td>500mA<\/td>\n<\/tr>\n<tr>\n<td width=\"141\">Aizsardz\u012bbas kategorija<\/td>\n<td>I<\/td>\n<td>Apk\u0101rt\u0113j\u0101s vides temperat\u016bra<\/td>\n<td>-20 &#8211; 40 \u00b0C<\/td>\n<\/tr>\n<tr>\n<td width=\"141\">IP kods<\/td>\n<td>IP 65<\/td>\n<td>Neto svars<\/td>\n<td>0.46 kg<\/td>\n<\/tr>\n<tr>\n<td width=\"141\">Mont\u0101\u017ea<\/td>\n<td>Virsma<\/td>\n<td>Sv\u0113rtais pat\u0113ri\u0146\u0161<\/td>\n<td>4.5 kWh\/1.000h<\/td>\n<\/tr>\n<tr>\n<td>Mont\u0101\u017eas deta\u013cas<\/td>\n<td>Siena<\/td>\n<td>LXXBXX dati<\/td>\n<td>L70B50<\/td>\n<\/tr>\n<tr>\n<td width=\"141\">Forma<\/td>\n<td>kvadr\u0101ts<\/td>\n<td><\/td>\n<td><\/td>\n<\/tr>\n<\/tbody>\n<\/table>\n<p><strong><a href=\"http:\/\/e-led.lv\/wp-content\/uploads\/2021\/01\/1048412.pdf\"><img decoding=\"async\" class=\" wd-lazy-fade wp-image-10558 alignnone\" role=\"img\" src=\"https:\/\/e-led.lv\/wp-content\/themes\/woodmart\/images\/lazy.svg\" data-src=\"http:\/\/e-led.lv\/wp-content\/uploads\/\/2020\/11\/file-pdf-regular.svg\" alt=\"\" width=\"22\" height=\"29\"> Manual (pdf)<\/a><\/strong><\/p>\n<p><strong><a href=\"http:\/\/e-led.lv\/wp-content\/uploads\/2021\/01\/933692.pdf\"><img decoding=\"async\" class=\" wd-lazy-fade wp-image-10558 alignnone\" role=\"img\" src=\"https:\/\/e-led.lv\/wp-content\/themes\/woodmart\/images\/lazy.svg\" data-src=\"http:\/\/e-led.lv\/wp-content\/uploads\/\/2020\/11\/file-pdf-regular.svg\" alt=\"\" width=\"22\" height=\"29\"> <span class=\"download-item__title\">CE declaration (pdf)<\/span><\/a><\/strong><\/p>\n<p><strong><a href=\"http:\/\/e-led.lv\/wp-content\/uploads\/2021\/01\/1431068.pdf\"><img decoding=\"async\" class=\" wd-lazy-fade wp-image-10558 alignnone\" role=\"img\" src=\"https:\/\/e-led.lv\/wp-content\/themes\/woodmart\/images\/lazy.svg\" data-src=\"http:\/\/e-led.lv\/wp-content\/uploads\/\/2020\/11\/file-pdf-regular.svg\" alt=\"\" width=\"22\" height=\"29\"> <span class=\"download-item__title\">Assembly drawings (pdf)<\/span><\/a><\/strong><\/p>\n<p><a href=\"http:\/\/e-led.lv\/wp-content\/uploads\/2021\/01\/2022548.pdf\"><strong><img decoding=\"async\" class=\" wd-lazy-fade wp-image-10558 alignnone\" role=\"img\" src=\"https:\/\/e-led.lv\/wp-content\/themes\/woodmart\/images\/lazy.svg\" data-src=\"http:\/\/e-led.lv\/wp-content\/uploads\/\/2020\/11\/file-pdf-regular.svg\" alt=\"\" width=\"22\" height=\"29\"> <span class=\"download-item__title\">Datasheet (pdf)<\/span><\/strong><\/a><\/p>\n<p><a href=\"http:\/\/e-led.lv\/wp-content\/uploads\/2021\/01\/tender_text-90.txt\"><strong><img decoding=\"async\" class=\" wd-lazy-fade wp-image-10558 alignnone\" role=\"img\" src=\"https:\/\/e-led.lv\/wp-content\/themes\/woodmart\/images\/lazy.svg\" data-src=\"http:\/\/e-led.lv\/wp-content\/uploads\/\/2020\/11\/file-pdf-regular.svg\" alt=\"\" width=\"22\" height=\"29\"> Tender Text (txt)<\/strong><\/a><\/p>\n","protected":false},"excerpt":{"rendered":"<p><span class=\"product-configurator__variants\"><span class=\"product-configurator__description spacing-right--inner spacing-right--small\">kvadr\u0101tveida WL Outdoor LED padzi\u013cin\u0101ta sienas gaisma, antrac\u012bts, 3000K,<\/span><\/span><\/p>\n","protected":false},"featured_media":14567,"template":"","meta":[],"product_brand":[],"product_cat":[160],"product_tag":[],"class_list":{"0":"post-21231","1":"product","2":"type-product","3":"status-publish","4":"has-post-thumbnail","6":"product_cat-led-fasazu-apgaimojums","8":"first","9":"instock","10":"taxable","11":"shipping-taxable","12":"purchasable","13":"product-type-simple"},"_links":{"self":[{"href":"https:\/\/e-led.lv\/lv\/wp-json\/wp\/v2\/product\/21231","targetHints":{"allow":["GET"]}}],"collection":[{"href":"https:\/\/e-led.lv\/lv\/wp-json\/wp\/v2\/product"}],"about":[{"href":"https:\/\/e-led.lv\/lv\/wp-json\/wp\/v2\/types\/product"}],"version-history":[{"count":0,"href":"https:\/\/e-led.lv\/lv\/wp-json\/wp\/v2\/product\/21231\/revisions"}],"wp:featuredmedia":[{"embeddable":true,"href":"https:\/\/e-led.lv\/lv\/wp-json\/wp\/v2\/media\/14567"}],"wp:attachment":[{"href":"https:\/\/e-led.lv\/lv\/wp-json\/wp\/v2\/media?parent=21231"}],"wp:term":[{"taxonomy":"product_brand","embeddable":true,"href":"https:\/\/e-led.lv\/lv\/wp-json\/wp\/v2\/product_brand?post=21231"},{"taxonomy":"product_cat","embeddable":true,"href":"https:\/\/e-led.lv\/lv\/wp-json\/wp\/v2\/product_cat?post=21231"},{"taxonomy":"product_tag","embeddable":true,"href":"https:\/\/e-led.lv\/lv\/wp-json\/wp\/v2\/product_tag?post=21231"}],"curies":[{"name":"wp","href":"https:\/\/api.w.org\/{rel}","templated":true}]}}