{"id":21235,"date":"2021-01-13T20:52:51","date_gmt":"2021-04-22T17:30:31","guid":{"rendered":"http:\/\/e-led.lv\/product\/dasar-projector-2\/"},"modified":"2021-04-22T20:30:32","modified_gmt":"2021-04-22T17:30:32","slug":"dasar-projector-2","status":"publish","type":"product","link":"https:\/\/e-led.lv\/lv\/dasar-projector-2\/","title":{"rendered":"DASAR PROJECTOR"},"content":{"rendered":"<div>\n<div class=\"product-detail__description\">Uz virsmas uzst\u0101d\u0101mie DASAR PROJECTOR s\u0113rijas lukturi ir apr\u012bkoti ar 6W premium LED un pieejami ar silti baltu gaismas kr\u0101su. Elektriskais savienojums ir ar sader\u012bgu 12V vai 24V DC baro\u0161anas avotu. Ar IP67 aizsardz\u012bbas klasi gaismeklis ir piem\u0113rots izmanto\u0161anai \u0101rpus telp\u0101m. Ner\u016bs\u0113jo\u0161\u0101 t\u0113rauda DASAR PROJECTOR s\u0113rija cita starp\u0101 ietver v\u0113l vienu alum\u012bnija versiju. \u0160aj\u0101 gaismekl\u012b ir ieb\u016bv\u0113tas LED lampas, un to var izmantot k\u0101 smaile gaismekli ar zemes smaili. Gaismek\u013ca lampas nevar nomain\u012bt.<\/div>\n<\/div>\n<h1 class=\"headline headline--uppercase product-detail__headline\" style=\"text-align: center;\" data-qa=\"component headline\">Tehniskie dati<\/h1>\n<table width=\"506\">\n<tbody>\n<tr>\n<td width=\"141\">Produkta nosaukums<\/td>\n<td width=\"127\">DASAR\u00aePROJECTOR<\/td>\n<td width=\"124\">Platums<\/td>\n<td width=\"114\">10 cm<\/td>\n<\/tr>\n<tr>\n<td>BIG WHITE Page<\/td>\n<td>630<\/td>\n<td>Augstums<\/td>\n<td>10.8 cm<\/td>\n<\/tr>\n<tr>\n<td width=\"141\">Kr\u0101sa<\/td>\n<td>Ner\u016bs\u0113jo\u0161ais t\u0113rauds<\/td>\n<td>Rot\u0113jo\u0161a vai noliekama<\/td>\n<td>pagrie\u0161an\u0101s<\/td>\n<\/tr>\n<tr>\n<td>Materi\u0101ls<\/td>\n<td>Ner\u016bs\u0113jo\u0161ais t\u0113rauds 316<\/td>\n<td>Vertik\u0101l\u0101 sl\u012bpuma diapazons<\/td>\n<td>90 \u00b0<\/td>\n<\/tr>\n<tr>\n<td width=\"141\">elektrisk\u0101 jauda<\/td>\n<td>5.5 W<\/td>\n<td>Gaismas izeja<\/td>\n<td>tie\u0161s<\/td>\n<\/tr>\n<tr>\n<td>Lumen \/ jauda<\/td>\n<td>54.55 lm\/W<\/td>\n<td>Kr\u0101su konsistence<\/td>\n<td>6 SDCM<\/td>\n<\/tr>\n<tr>\n<td>Gaismas pl\u016bsma<\/td>\n<td>300 lm<\/td>\n<td>Kalpo\u0161anas laiks<\/td>\n<td>25000 h<\/td>\n<\/tr>\n<tr>\n<td>Kr\u0101su temperat\u016bra<\/td>\n<td>3000 Kelvinu<\/td>\n<td>Triecieniztur\u012bbas kategorija<\/td>\n<td>IK04<\/td>\n<\/tr>\n<tr>\n<td>Puse staru le\u0146\u0137a<\/td>\n<td>40 \u00b0<\/td>\n<td>Triecieniztur\u012bba<\/td>\n<td>0,5 d\u017eouli<\/td>\n<\/tr>\n<tr>\n<td width=\"141\">CRI<\/td>\n<td>90<\/td>\n<td>Prim\u0101rais nomin\u0101lais spriegums<\/td>\n<td>220-240V ~ 50 \/ 60Hz<\/td>\n<\/tr>\n<tr>\n<td>Aizsardz\u012bbas kategorija<\/td>\n<td>I<\/td>\n<td>Sekund\u0101r\u0101 jauda \/ sekund\u0101rais spriegums<\/td>\n<td>400mA<\/td>\n<\/tr>\n<tr>\n<td width=\"141\">IP kods<\/td>\n<td>IP 67<\/td>\n<td>Apk\u0101rt\u0113j\u0101s vides temperat\u016bra<\/td>\n<td>40 \u00b0C<\/td>\n<\/tr>\n<tr>\n<td width=\"141\">Mont\u0101\u017ea<\/td>\n<td>Virsma<\/td>\n<td>Neto svars<\/td>\n<td>1.18 kg<\/td>\n<\/tr>\n<tr>\n<td>Mont\u0101\u017eas deta\u013cas<\/td>\n<td width=\"127\">Griesti<br \/>\nGriesti ar Acc.<br \/>\nZeme<br \/>\nZeme ar Acc.<br \/>\nSiena<br \/>\nSiena ar Acc.<\/td>\n<td>Sv\u0113rtais pat\u0113ri\u0146\u0161<\/td>\n<td>5.5 kWh\/1.000h<\/td>\n<\/tr>\n<tr>\n<td>Forma<\/td>\n<td>apa\u013c\u0161<\/td>\n<td>LXXBXX dati<\/td>\n<td>L70B50<\/td>\n<\/tr>\n<tr>\n<td>Garums<\/td>\n<td>7.2 cm<\/td>\n<td><\/td>\n<td><\/td>\n<\/tr>\n<\/tbody>\n<\/table>\n<p><strong><a href=\"http:\/\/e-led.lv\/wp-content\/uploads\/2021\/01\/262963.pdf\"><img decoding=\"async\" class=\" wd-lazy-fade wp-image-10558 alignnone\" role=\"img\" src=\"https:\/\/e-led.lv\/wp-content\/themes\/woodmart\/images\/lazy.svg\" data-src=\"http:\/\/e-led.lv\/wp-content\/uploads\/\/2020\/11\/file-pdf-regular.svg\" alt=\"\" width=\"22\" height=\"29\"> Manual (pdf)<\/a><\/strong><\/p>\n<p><strong><a href=\"http:\/\/e-led.lv\/wp-content\/uploads\/2021\/01\/210129.pdf\"><img decoding=\"async\" class=\" wd-lazy-fade wp-image-10558 alignnone\" role=\"img\" src=\"https:\/\/e-led.lv\/wp-content\/themes\/woodmart\/images\/lazy.svg\" data-src=\"http:\/\/e-led.lv\/wp-content\/uploads\/\/2020\/11\/file-pdf-regular.svg\" alt=\"\" width=\"22\" height=\"29\"> <span class=\"download-item__title\">CE declaration (pdf) <\/span><\/a><\/strong><\/p>\n<p><a href=\"http:\/\/e-led.lv\/wp-content\/uploads\/2021\/01\/2011866.pdf\"><strong><img decoding=\"async\" class=\" wd-lazy-fade wp-image-10558 alignnone\" role=\"img\" src=\"https:\/\/e-led.lv\/wp-content\/themes\/woodmart\/images\/lazy.svg\" data-src=\"http:\/\/e-led.lv\/wp-content\/uploads\/\/2020\/11\/file-pdf-regular.svg\" alt=\"\" width=\"22\" height=\"29\"> <span class=\"download-item__title\">Datasheet (pdf)<\/span><\/strong><\/a><\/p>\n<p><a href=\"http:\/\/e-led.lv\/wp-content\/uploads\/2021\/01\/tender_text-31.txt\"><strong><img decoding=\"async\" class=\" wd-lazy-fade wp-image-10558 alignnone\" role=\"img\" src=\"https:\/\/e-led.lv\/wp-content\/themes\/woodmart\/images\/lazy.svg\" data-src=\"http:\/\/e-led.lv\/wp-content\/uploads\/\/2020\/11\/file-pdf-regular.svg\" alt=\"\" width=\"22\" height=\"29\"> Tender Text (txt)<\/strong><\/a><\/p>\n","protected":false},"excerpt":{"rendered":"<p><span class=\"product-configurator__variants\"><span class=\"product-configurator__description spacing-right--inner spacing-right--small\">\u0101ra pro\u017eektors, LED, 3000K, IP67, ner\u016bs\u0113jo\u0161ais t\u0113rauds 316, 230V, 6W,<\/span><\/span><\/p>\n","protected":false},"featured_media":12562,"template":"","meta":[],"product_brand":[],"product_cat":[153],"product_tag":[],"class_list":{"0":"post-21235","1":"product","2":"type-product","3":"status-publish","4":"has-post-thumbnail","6":"product_cat-darza-gaismekli-un-stabini","8":"first","9":"instock","10":"taxable","11":"shipping-taxable","12":"purchasable","13":"product-type-simple"},"_links":{"self":[{"href":"https:\/\/e-led.lv\/lv\/wp-json\/wp\/v2\/product\/21235","targetHints":{"allow":["GET"]}}],"collection":[{"href":"https:\/\/e-led.lv\/lv\/wp-json\/wp\/v2\/product"}],"about":[{"href":"https:\/\/e-led.lv\/lv\/wp-json\/wp\/v2\/types\/product"}],"version-history":[{"count":0,"href":"https:\/\/e-led.lv\/lv\/wp-json\/wp\/v2\/product\/21235\/revisions"}],"wp:featuredmedia":[{"embeddable":true,"href":"https:\/\/e-led.lv\/lv\/wp-json\/wp\/v2\/media\/12562"}],"wp:attachment":[{"href":"https:\/\/e-led.lv\/lv\/wp-json\/wp\/v2\/media?parent=21235"}],"wp:term":[{"taxonomy":"product_brand","embeddable":true,"href":"https:\/\/e-led.lv\/lv\/wp-json\/wp\/v2\/product_brand?post=21235"},{"taxonomy":"product_cat","embeddable":true,"href":"https:\/\/e-led.lv\/lv\/wp-json\/wp\/v2\/product_cat?post=21235"},{"taxonomy":"product_tag","embeddable":true,"href":"https:\/\/e-led.lv\/lv\/wp-json\/wp\/v2\/product_tag?post=21235"}],"curies":[{"name":"wp","href":"https:\/\/api.w.org\/{rel}","templated":true}]}}