{"id":21241,"date":"2021-01-18T18:31:54","date_gmt":"2021-04-22T17:36:20","guid":{"rendered":"http:\/\/e-led.lv\/product\/cv-spot-40\/"},"modified":"2021-04-22T20:36:22","modified_gmt":"2021-04-22T17:36:22","slug":"cv-spot-40","status":"publish","type":"product","link":"https:\/\/e-led.lv\/lv\/cv-spot-40\/","title":{"rendered":"CV-SPOT 40"},"content":{"rendered":"<div>\n<div class=\"product-detail__description\">Ar mat\u0113tu ner\u016bs\u0113jo\u0161\u0101 t\u0113rauda tapas gaismekli CV-SPOT 40 izv\u0113l\u0113to LED lampu p\u0101rkl\u0101j stikls, kas pasarg\u0101 no \u0101r\u0113j\u0101m ietekm\u0113m. Ner\u016bs\u0113jo\u0161\u0101 t\u0113rauda un stikla kombin\u0101cija nodro\u0161ina klasisku, kvalitat\u012bvu raksturu. Ar IP65 aizsardz\u012bbas klasi gaismeklis ir piem\u0113rots izmanto\u0161anai \u0101rpus telp\u0101m. Tas ir pieejams da\u017e\u0101dos stie\u0146u garumos. Elektriskais savienojums tiek veikts, izmantojot savienojuma vadu un elektrot\u012bkla kontaktdak\u0161u ar 230 V str\u0101vas padevi.<\/div>\n<\/div>\n<h1 class=\"headline headline--uppercase product-detail__headline\" style=\"text-align: center;\" data-qa=\"component headline\">Tehniskie dati<\/h1>\n<table width=\"506\">\n<tbody>\n<tr>\n<td width=\"141\">Produkta nosaukums<\/td>\n<td width=\"127\">CV SPOT<\/td>\n<td width=\"124\">Mont\u0101\u017eas deta\u013cas<\/td>\n<td width=\"114\">Zeme<\/td>\n<\/tr>\n<tr>\n<td>BIG WHITE Page<\/td>\n<td>625<\/td>\n<td width=\"124\">Forma<\/td>\n<td>apa\u013c\u0161<\/td>\n<\/tr>\n<tr>\n<td width=\"141\">Kr\u0101sa<\/td>\n<td>Ner\u016bs\u0113jo\u0161ais t\u0113rauds<\/td>\n<td>Garums<\/td>\n<td>11.8 cm<\/td>\n<\/tr>\n<tr>\n<td width=\"141\">Materi\u0101ls<\/td>\n<td>Ner\u016bs\u0113jo\u0161ais t\u0113rauds 304<\/td>\n<td>Platums<\/td>\n<td>12.5 cm<\/td>\n<\/tr>\n<tr>\n<td width=\"141\">elektrisk\u0101 jauda<\/td>\n<td>4 W<\/td>\n<td>Augstums<\/td>\n<td>15 cm<\/td>\n<\/tr>\n<tr>\n<td width=\"141\">CRI<\/td>\n<td width=\"127\">90<\/td>\n<td>Rot\u0113jo\u0161a vai noliekama<\/td>\n<td>pagrie\u0161an\u0101s<\/td>\n<\/tr>\n<tr>\n<td>Lampa<\/td>\n<td>LED GU10 51mm<\/td>\n<td>Sl\u012bpuma diapazons<\/td>\n<td>180 \u00b0<\/td>\n<\/tr>\n<tr>\n<td width=\"141\">Kontaktligzda<\/td>\n<td>GU10<\/td>\n<td>Gaismas izeja<\/td>\n<td>tie\u0161s<\/td>\n<\/tr>\n<tr>\n<td width=\"141\">Kontaktligzdu skaits<\/td>\n<td>1<\/td>\n<td>Triecieniztur\u012bbas kategorija<\/td>\n<td>IK04<\/td>\n<\/tr>\n<tr>\n<td width=\"141\">Aizsardz\u012bbas kategorija<\/td>\n<td>I<\/td>\n<td>Triecieniztur\u012bba<\/td>\n<td>0,5 d\u017eouli<\/td>\n<\/tr>\n<tr>\n<td width=\"141\">IP kods<\/td>\n<td>IP 65<\/td>\n<td width=\"124\">Prim\u0101rais nomin\u0101lais spriegums<\/td>\n<td>230V ~ 50Hz<\/td>\n<\/tr>\n<tr>\n<td width=\"141\">Mont\u0101\u017ea<\/td>\n<td>Virsma<\/td>\n<td>Neto svars<\/td>\n<td>1.26 kg<\/td>\n<\/tr>\n<\/tbody>\n<\/table>\n<p><strong><a href=\"http:\/\/e-led.lv\/wp-content\/uploads\/2021\/01\/263333.pdf\"><img decoding=\"async\" class=\" wd-lazy-fade wp-image-10558 alignnone\" role=\"img\" src=\"https:\/\/e-led.lv\/wp-content\/themes\/woodmart\/images\/lazy.svg\" data-src=\"http:\/\/e-led.lv\/wp-content\/uploads\/\/2020\/11\/file-pdf-regular.svg\" alt=\"\" width=\"22\" height=\"29\"> <span class=\"download-item__title\">Manual (pdf) <\/span><\/a><\/strong><\/p>\n<p><strong><a href=\"http:\/\/e-led.lv\/wp-content\/uploads\/2021\/01\/210639.pdf\"><img decoding=\"async\" class=\" wd-lazy-fade wp-image-10558 alignnone\" role=\"img\" src=\"https:\/\/e-led.lv\/wp-content\/themes\/woodmart\/images\/lazy.svg\" data-src=\"http:\/\/e-led.lv\/wp-content\/uploads\/\/2020\/11\/file-pdf-regular.svg\" alt=\"\" width=\"22\" height=\"29\"> <span class=\"download-item__title\">CE declaration (pdf)<\/span><\/a><\/strong><\/p>\n<p><a href=\"http:\/\/e-led.lv\/wp-content\/uploads\/2021\/01\/2026454.pdf\"><strong><img decoding=\"async\" class=\" wd-lazy-fade wp-image-10558 alignnone\" role=\"img\" src=\"https:\/\/e-led.lv\/wp-content\/themes\/woodmart\/images\/lazy.svg\" data-src=\"http:\/\/e-led.lv\/wp-content\/uploads\/\/2020\/11\/file-pdf-regular.svg\" alt=\"\" width=\"22\" height=\"29\"> <span class=\"download-item__title\">Datasheet (pdf)<\/span><\/strong><\/a><\/p>\n<p><a href=\"http:\/\/e-led.lv\/wp-content\/uploads\/2021\/01\/tender_text-49.txt\"><strong><img decoding=\"async\" class=\" wd-lazy-fade wp-image-10558 alignnone\" role=\"img\" src=\"https:\/\/e-led.lv\/wp-content\/themes\/woodmart\/images\/lazy.svg\" data-src=\"http:\/\/e-led.lv\/wp-content\/uploads\/\/2020\/11\/file-pdf-regular.svg\" alt=\"\" width=\"22\" height=\"29\"> Tender Text (txt)<\/strong><\/a><\/p>\n","protected":false},"excerpt":{"rendered":"<p><span class=\"product-configurator__variants\"><span class=\"product-configurator__description spacing-right--inner spacing-right--small\">\u0101ra spike gaismeklis, LED GU10 51 mm, IP65, ner\u016bs\u0113jo\u0161ais t\u0113rauds 304, L\/W\/H 11.8\/7.8\/40 cm, 4W,<\/span><\/span><\/p>\n","protected":false},"featured_media":13097,"template":"","meta":[],"product_brand":[],"product_cat":[153],"product_tag":[],"class_list":{"0":"post-21241","1":"product","2":"type-product","3":"status-publish","4":"has-post-thumbnail","6":"product_cat-darza-gaismekli-un-stabini","8":"first","9":"instock","10":"taxable","11":"shipping-taxable","12":"purchasable","13":"product-type-simple"},"_links":{"self":[{"href":"https:\/\/e-led.lv\/lv\/wp-json\/wp\/v2\/product\/21241","targetHints":{"allow":["GET"]}}],"collection":[{"href":"https:\/\/e-led.lv\/lv\/wp-json\/wp\/v2\/product"}],"about":[{"href":"https:\/\/e-led.lv\/lv\/wp-json\/wp\/v2\/types\/product"}],"version-history":[{"count":0,"href":"https:\/\/e-led.lv\/lv\/wp-json\/wp\/v2\/product\/21241\/revisions"}],"wp:featuredmedia":[{"embeddable":true,"href":"https:\/\/e-led.lv\/lv\/wp-json\/wp\/v2\/media\/13097"}],"wp:attachment":[{"href":"https:\/\/e-led.lv\/lv\/wp-json\/wp\/v2\/media?parent=21241"}],"wp:term":[{"taxonomy":"product_brand","embeddable":true,"href":"https:\/\/e-led.lv\/lv\/wp-json\/wp\/v2\/product_brand?post=21241"},{"taxonomy":"product_cat","embeddable":true,"href":"https:\/\/e-led.lv\/lv\/wp-json\/wp\/v2\/product_cat?post=21241"},{"taxonomy":"product_tag","embeddable":true,"href":"https:\/\/e-led.lv\/lv\/wp-json\/wp\/v2\/product_tag?post=21241"}],"curies":[{"name":"wp","href":"https:\/\/api.w.org\/{rel}","templated":true}]}}