{"id":21337,"date":"2021-05-07T19:52:11","date_gmt":"2021-05-07T16:52:11","guid":{"rendered":"http:\/\/e-led.lv\/?post_type=product&#038;p=21337"},"modified":"2022-01-05T21:11:50","modified_gmt":"2022-01-05T18:11:50","slug":"12w-m-led-flex-strip-luxsonn-2835-dc24-120-led-m-1428lm-m-6500k-cold-white","status":"publish","type":"product","link":"https:\/\/e-led.lv\/lv\/12w-m-led-flex-strip-luxsonn-2835-dc24-120-led-m-1428lm-m-6500k-cold-white\/","title":{"rendered":"12W\/m LED elast\u012bga sloksne LUXSONN, 2835, DC24, 120 LED\/m, 1428lm\/m, (6500K) auksti balta"},"content":{"rendered":"<div class=\"vendor\">Ra\u017eot\u0101js:<b> AKTO<\/b><\/div>\n<div class=\"vendor\">Iepakojuma izm\u0113ri (GxAxP):<b> 30 x 10 x 30 mm<\/b><br \/>\nApjoms:<b> 0,0000090 m\u00b3<\/b><br \/>\nSvars:<b> 0,015 kg<\/b><br \/>\nGarantija:<b> 5<\/b><b> <\/b><b>gadiem<\/b><\/div>\n<div><\/div>\n<div>\n<table width=\"397\">\n<tbody>\n<tr>\n<td width=\"239\"><span data-language-for-alternatives=\"en\" data-language-to-translate-into=\"auto\" data-phrase-index=\"0\">Jauda:<\/span><\/td>\n<td width=\"158\"><span data-language-for-alternatives=\"en\" data-language-to-translate-into=\"auto\" data-phrase-index=\"0\">12 W<\/span><\/td>\n<\/tr>\n<tr>\n<td><span data-language-for-alternatives=\"en\" data-language-to-translate-into=\"auto\" data-phrase-index=\"2\">Gaismas pl\u016bsma:<\/span><\/td>\n<td><span data-language-for-alternatives=\"en\" data-language-to-translate-into=\"auto\" data-phrase-index=\"2\">1428 lm<\/span><\/td>\n<\/tr>\n<tr>\n<td><span data-language-for-alternatives=\"en\" data-language-to-translate-into=\"auto\" data-phrase-index=\"18\">Kr\u0101sas temperat\u016bra (K):<\/span><\/td>\n<td><span data-language-for-alternatives=\"en\" data-language-to-translate-into=\"auto\" data-phrase-index=\"4\">6500 K<\/span><\/td>\n<\/tr>\n<tr>\n<td><span data-language-for-alternatives=\"en\" data-language-to-translate-into=\"auto\" data-phrase-index=\"20\">Sijas le\u0146\u0137is (deg):<\/span><\/td>\n<td><span data-language-for-alternatives=\"en\" data-language-to-translate-into=\"auto\" data-phrase-index=\"6\">120 \u00b0<\/span><\/td>\n<\/tr>\n<tr>\n<td><span data-language-for-alternatives=\"en\" data-language-to-translate-into=\"auto\" data-phrase-index=\"8\">LED tips:<\/span><\/td>\n<td><span data-language-for-alternatives=\"en\" data-language-to-translate-into=\"auto\" data-phrase-index=\"8\">SMD 2835<\/span><\/td>\n<\/tr>\n<tr>\n<td><span data-language-for-alternatives=\"en\" data-language-to-translate-into=\"auto\" data-phrase-index=\"10\">Gaismas diodes uz metru:<\/span><\/td>\n<td><span data-language-for-alternatives=\"en\" data-language-to-translate-into=\"auto\" data-phrase-index=\"10\">120 gaismas diodes \/ m<\/span><\/td>\n<\/tr>\n<tr>\n<td><span data-language-for-alternatives=\"en\" data-language-to-translate-into=\"auto\" data-phrase-index=\"12\">L\u012bdzstr\u0101vas spriegums (DC):<\/span><\/td>\n<td><span data-language-for-alternatives=\"en\" data-language-to-translate-into=\"auto\" data-phrase-index=\"12\">24 V<\/span><\/td>\n<\/tr>\n<tr>\n<td><span data-language-for-alternatives=\"en\" data-language-to-translate-into=\"auto\" data-phrase-index=\"14\">Putek\u013cu un \u016bdens iztur\u012bbas klase (IP):<\/span><\/td>\n<td><span data-language-for-alternatives=\"en\" data-language-to-translate-into=\"auto\" data-phrase-index=\"14\">20<\/span><\/td>\n<\/tr>\n<tr>\n<td><span data-language-for-alternatives=\"en\" data-language-to-translate-into=\"auto\" data-phrase-index=\"22\">IP klase:<\/span><\/td>\n<td><span data-language-for-alternatives=\"en\" data-language-to-translate-into=\"auto\" data-phrase-index=\"22\">20<\/span><\/td>\n<\/tr>\n<tr>\n<td><span data-language-for-alternatives=\"en\" data-language-to-translate-into=\"auto\" data-phrase-index=\"16\">Diametrs:<\/span><\/td>\n<td><span data-language-for-alternatives=\"en\" data-language-to-translate-into=\"auto\" data-phrase-index=\"16\">8 mm<\/span><\/td>\n<\/tr>\n<tr>\n<td><span data-language-for-alternatives=\"en\" data-language-to-translate-into=\"auto\" data-phrase-index=\"32\">Ener\u0123ijas pat\u0113ri\u0146\u0161:<\/span><\/td>\n<td><span data-language-for-alternatives=\"en\" data-language-to-translate-into=\"auto\" data-phrase-index=\"32\">12kWh \/ 1000h<\/span><\/td>\n<\/tr>\n<\/tbody>\n<\/table>\n<\/div>\n","protected":false},"excerpt":{"rendered":"<p>12W\/m LED elast\u012bg\u0101 sloksne LUXSONN, 2835, DC24, 120 LED\/m, 1428lm\/m, (6500K) auksti balta. Izgrieziet ik p\u0113c 5 diod\u0113m (5 cm)<\/p>\n<p><em><strong>Cena ir par 1m<\/strong><\/em><\/p>\n","protected":false},"featured_media":21340,"template":"","meta":[],"product_brand":[],"product_cat":[109],"product_tag":[],"class_list":{"0":"post-21337","1":"product","2":"type-product","3":"status-publish","4":"has-post-thumbnail","6":"product_cat-led-lentas","8":"first","9":"instock","10":"taxable","11":"shipping-taxable","12":"purchasable","13":"product-type-simple"},"_links":{"self":[{"href":"https:\/\/e-led.lv\/lv\/wp-json\/wp\/v2\/product\/21337","targetHints":{"allow":["GET"]}}],"collection":[{"href":"https:\/\/e-led.lv\/lv\/wp-json\/wp\/v2\/product"}],"about":[{"href":"https:\/\/e-led.lv\/lv\/wp-json\/wp\/v2\/types\/product"}],"version-history":[{"count":0,"href":"https:\/\/e-led.lv\/lv\/wp-json\/wp\/v2\/product\/21337\/revisions"}],"wp:featuredmedia":[{"embeddable":true,"href":"https:\/\/e-led.lv\/lv\/wp-json\/wp\/v2\/media\/21340"}],"wp:attachment":[{"href":"https:\/\/e-led.lv\/lv\/wp-json\/wp\/v2\/media?parent=21337"}],"wp:term":[{"taxonomy":"product_brand","embeddable":true,"href":"https:\/\/e-led.lv\/lv\/wp-json\/wp\/v2\/product_brand?post=21337"},{"taxonomy":"product_cat","embeddable":true,"href":"https:\/\/e-led.lv\/lv\/wp-json\/wp\/v2\/product_cat?post=21337"},{"taxonomy":"product_tag","embeddable":true,"href":"https:\/\/e-led.lv\/lv\/wp-json\/wp\/v2\/product_tag?post=21337"}],"curies":[{"name":"wp","href":"https:\/\/api.w.org\/{rel}","templated":true}]}}