{"id":21887,"date":"2021-05-12T18:29:07","date_gmt":"2021-05-12T15:29:07","guid":{"rendered":"http:\/\/e-led.lv\/?post_type=product&#038;p=21887"},"modified":"2022-01-05T21:11:22","modified_gmt":"2022-01-05T18:11:22","slug":"medo-60-el","status":"publish","type":"product","link":"https:\/\/e-led.lv\/lv\/medo-60-el\/","title":{"rendered":"MEDO 60 EL"},"content":{"rendered":"<div>\n<div class=\"product-detail__description\">MEDO s\u0113rijas padzi\u013cin\u0101t\u0101 versija neman\u0101mi iek\u013caujas katras telpas koncepcij\u0101, pateicoties t\u0101s attur\u012bgajam dizainam. MEDO Frameless burv\u012bgi apvienojas ar griestiem. Gaismas kr\u0101su var viegli p\u0101rsl\u0113gt starp 3000K un 4000K pirms uzst\u0101d\u012b\u0161anas, izmantojot sl\u0113dzi. Integr\u0113tais premium LED modulis nodro\u0161ina vienm\u0113r\u012bgu apgaismojuma efektu. Papildin\u0101ts ar papildu draiveri, TRIAC padzi\u013cin\u0101tais variants k\u013c\u016bst aptum\u0161ojams un var tikt integr\u0113ts DALI sist\u0113m\u0101s.<\/div>\n<\/div>\n<h1 class=\"headline headline--uppercase product-detail__headline\" style=\"text-align: center;\" data-qa=\"component headline\">Tehniskie dati<\/h1>\n<p><strong><a href=\"http:\/\/e-led.lv\/wp-content\/uploads\/2021\/05\/SLV_Manual_1001903_260203.pdf\" data-wp-editing=\"1\"><img decoding=\"async\" class=\" wd-lazy-fade wp-image-10558 alignnone\" role=\"img\" src=\"https:\/\/e-led.lv\/wp-content\/themes\/woodmart\/images\/lazy.svg\" data-src=\"http:\/\/e-led.lv\/wp-content\/uploads\/\/2020\/11\/file-pdf-regular.svg\" alt=\"\" width=\"22\" height=\"29\"> Manual (pdf)<\/a><\/strong><\/p>\n<p><strong><a href=\"http:\/\/e-led.lv\/wp-content\/uploads\/2021\/05\/SLV_CE-Declaration_1001903_206474.pdf\" data-wp-editing=\"1\"><img decoding=\"async\" class=\" wd-lazy-fade wp-image-10558 alignnone\" role=\"img\" src=\"https:\/\/e-led.lv\/wp-content\/themes\/woodmart\/images\/lazy.svg\" data-src=\"http:\/\/e-led.lv\/wp-content\/uploads\/\/2020\/11\/file-pdf-regular.svg\" alt=\"\" width=\"22\" height=\"29\"> <span class=\"download-item__title\">CE declaration (pdf) <\/span><\/a><\/strong><\/p>\n<p><a href=\"http:\/\/e-led.lv\/wp-content\/uploads\/2021\/05\/SLV_Datasheet_1001903_2580828.pdf\"><strong data-wp-editing=\"1\"><img decoding=\"async\" class=\" wd-lazy-fade wp-image-10558 alignnone\" role=\"img\" src=\"https:\/\/e-led.lv\/wp-content\/themes\/woodmart\/images\/lazy.svg\" data-src=\"http:\/\/e-led.lv\/wp-content\/uploads\/\/2020\/11\/file-pdf-regular.svg\" alt=\"\" width=\"22\" height=\"29\"> <span class=\"download-item__title\">Datasheet (pdf)<\/span><\/strong><\/a><\/p>\n","protected":false},"excerpt":{"rendered":"<p><span class=\"product-configurator__variants\"><span class=\"product-configurator__description spacing-right--inner spacing-right--small\">LED iek\u0161telpu padzi\u013cin\u0101ta griestu lampa, bezr\u0101mju versija, balta, 3000\/4000K,<\/span><\/span><\/p>\n","protected":false},"featured_media":21899,"template":"","meta":[],"product_brand":[],"product_cat":[115],"product_tag":[],"class_list":{"0":"post-21887","1":"product","2":"type-product","3":"status-publish","4":"has-post-thumbnail","6":"product_cat-virsapmetuma-paneli","8":"first","9":"instock","10":"taxable","11":"shipping-taxable","12":"purchasable","13":"product-type-simple"},"_links":{"self":[{"href":"https:\/\/e-led.lv\/lv\/wp-json\/wp\/v2\/product\/21887","targetHints":{"allow":["GET"]}}],"collection":[{"href":"https:\/\/e-led.lv\/lv\/wp-json\/wp\/v2\/product"}],"about":[{"href":"https:\/\/e-led.lv\/lv\/wp-json\/wp\/v2\/types\/product"}],"version-history":[{"count":0,"href":"https:\/\/e-led.lv\/lv\/wp-json\/wp\/v2\/product\/21887\/revisions"}],"wp:featuredmedia":[{"embeddable":true,"href":"https:\/\/e-led.lv\/lv\/wp-json\/wp\/v2\/media\/21899"}],"wp:attachment":[{"href":"https:\/\/e-led.lv\/lv\/wp-json\/wp\/v2\/media?parent=21887"}],"wp:term":[{"taxonomy":"product_brand","embeddable":true,"href":"https:\/\/e-led.lv\/lv\/wp-json\/wp\/v2\/product_brand?post=21887"},{"taxonomy":"product_cat","embeddable":true,"href":"https:\/\/e-led.lv\/lv\/wp-json\/wp\/v2\/product_cat?post=21887"},{"taxonomy":"product_tag","embeddable":true,"href":"https:\/\/e-led.lv\/lv\/wp-json\/wp\/v2\/product_tag?post=21887"}],"curies":[{"name":"wp","href":"https:\/\/api.w.org\/{rel}","templated":true}]}}