{"id":22527,"date":"2021-05-13T18:27:06","date_gmt":"2021-05-13T15:27:07","guid":{"rendered":"http:\/\/e-led.lv\/?post_type=product&#038;p=22527"},"modified":"2022-01-05T21:09:30","modified_gmt":"2022-01-05T18:09:30","slug":"led-panel-600-x-600","status":"publish","type":"product","link":"https:\/\/e-led.lv\/lv\/led-panel-600-x-600\/","title":{"rendered":"LED panelis 600&#215;600"},"content":{"rendered":"<h1 class=\"headline headline--uppercase product-detail__headline\" style=\"text-align: center;\" data-qa=\"component headline\">Tehniskie dati<\/h1>\n<table style=\"border-collapse: collapse; width: 192pt;\" border=\"0\" width=\"256\" cellspacing=\"0\" cellpadding=\"0\">\n<tbody>\n<tr style=\"height: 45.0pt;\">\n<td class=\"xl66\" style=\"height: 45.0pt; width: 48pt;\" width=\"64\" height=\"60\">Kr\u0101su temperat\u016bra<\/td>\n<td class=\"xl65\" style=\"width: 48pt;\" width=\"64\">3000K, 4000K<\/td>\n<td class=\"xl66\" style=\"width: 48pt;\" width=\"64\">Vad\u012bt\u0101js J\u0100\/N\u0112<\/td>\n<td class=\"xl65\" style=\"width: 48pt;\" width=\"64\">J\u0100<\/td>\n<\/tr>\n<tr style=\"height: 30.0pt;\">\n<td class=\"xl66\" style=\"height: 30.0pt; width: 48pt;\" width=\"64\" height=\"40\">Jauda<\/td>\n<td class=\"xl65\" style=\"width: 48pt;\" width=\"64\">40W<\/td>\n<td class=\"xl66\" style=\"width: 48pt;\" width=\"64\">Izm\u0113rs<\/td>\n<td class=\"xl65\" style=\"width: 48pt;\" width=\"64\">600&#215;600 mm<\/td>\n<\/tr>\n<tr style=\"height: 45.0pt;\">\n<td class=\"xl66\" style=\"height: 45.0pt; width: 48pt;\" width=\"64\" height=\"60\">spriegums<\/td>\n<td class=\"xl65\" style=\"width: 48pt;\" width=\"64\">110-220V, 85-260V<\/td>\n<td class=\"xl66\" style=\"width: 48pt;\" width=\"64\">lm<\/td>\n<td class=\"xl65\" style=\"width: 48pt;\" width=\"64\">3400\/3600<\/td>\n<\/tr>\n<tr style=\"height: 45.0pt;\">\n<td class=\"xl66\" style=\"height: 45.0pt; width: 48pt;\" width=\"64\" height=\"60\">IP<\/td>\n<td class=\"xl65\" style=\"width: 48pt;\" width=\"64\">20<\/td>\n<td class=\"xl66\" style=\"width: 48pt;\" width=\"64\">Kr\u0101su gaismeklis<\/td>\n<td class=\"xl65\" style=\"width: 48pt;\" width=\"64\">Balta<\/td>\n<\/tr>\n<tr style=\"height: 30.0pt;\">\n<td class=\"xl66\" style=\"height: 30.0pt; width: 48pt;\" width=\"64\" height=\"40\">Iepakojuma vien\u012bba<\/td>\n<td class=\"xl65\" style=\"width: 48pt;\" width=\"64\">1<\/td>\n<td class=\"xl66\" style=\"width: 48pt;\" width=\"64\">Lifetime<\/td>\n<td class=\"xl65\" style=\"width: 48pt;\" width=\"64\">30.000h<\/td>\n<\/tr>\n<tr style=\"height: 30.0pt;\">\n<td class=\"xl66\" style=\"height: 30.0pt; width: 48pt;\" width=\"64\" height=\"40\">Gaismas avots<\/td>\n<td class=\"xl65\" style=\"width: 48pt;\" width=\"64\">SMD<\/td>\n<td class=\"xl66\" style=\"width: 48pt;\" width=\"64\">Aptum\u0161o\u0161ana<\/td>\n<td class=\"xl65\" style=\"width: 48pt;\" width=\"64\">N\u0113<\/td>\n<\/tr>\n<tr style=\"height: 15.0pt;\">\n<td class=\"xl66\" style=\"height: 15.0pt; width: 48pt;\" width=\"64\" height=\"20\">CRI<\/td>\n<td class=\"xl65\" style=\"width: 48pt;\" width=\"64\">80<\/td>\n<td class=\"xl66\" style=\"width: 48pt;\" width=\"64\">Klase<\/td>\n<td class=\"xl65\" style=\"width: 48pt;\" width=\"64\">II<\/td>\n<\/tr>\n<tr style=\"height: 45.0pt;\">\n<td class=\"xl66\" style=\"height: 45.0pt; width: 48pt;\" width=\"64\" height=\"60\">Stara le\u0146\u0137is<\/td>\n<td class=\"xl65\" style=\"width: 48pt;\" width=\"64\">120\u00ba<\/td>\n<td class=\"xl66\" style=\"width: 48pt;\" width=\"64\">Op\u0101ls \/ Mikroprizmatisks<\/td>\n<td class=\"xl65\" style=\"width: 48pt;\" width=\"64\">MIKRORISMATISKS, OP\u0100LS<\/td>\n<\/tr>\n<\/tbody>\n<\/table>\n<p>&nbsp;<\/p>\n<p><a href=\"http:\/\/e-led.lv\/wp-content\/uploads\/2021\/05\/LU000C-0.pdf\"><strong data-wp-editing=\"1\"><img decoding=\"async\" class=\" wd-lazy-fade wp-image-10558 alignnone\" role=\"img\" src=\"https:\/\/e-led.lv\/wp-content\/themes\/woodmart\/images\/lazy.svg\" data-src=\"http:\/\/e-led.lv\/wp-content\/uploads\/\/2020\/11\/file-pdf-regular.svg\" alt=\"\" width=\"22\" height=\"29\"> <span class=\"download-item__title\">Datasheet (pdf)<\/span><\/strong><\/a><\/p>\n","protected":false},"excerpt":{"rendered":"<p><span class=\"product-configurator__variants\"><span class=\"product-configurator__description spacing-right--inner spacing-right--small\">\u0101ra gr\u012bdas stat\u012bvs, TC-DSE, IP44, r\u016bs\u0113ts t\u0113rauds, L \/ W \/ H 12\/12\/80 cm, maks. 11W,<\/span><\/span><\/p>\n","protected":false},"featured_media":22550,"template":"","meta":[],"product_brand":[],"product_cat":[115],"product_tag":[],"class_list":{"0":"post-22527","1":"product","2":"type-product","3":"status-publish","4":"has-post-thumbnail","6":"product_cat-virsapmetuma-paneli","8":"first","9":"instock","10":"taxable","11":"shipping-taxable","12":"purchasable","13":"product-type-variable"},"_links":{"self":[{"href":"https:\/\/e-led.lv\/lv\/wp-json\/wp\/v2\/product\/22527","targetHints":{"allow":["GET"]}}],"collection":[{"href":"https:\/\/e-led.lv\/lv\/wp-json\/wp\/v2\/product"}],"about":[{"href":"https:\/\/e-led.lv\/lv\/wp-json\/wp\/v2\/types\/product"}],"version-history":[{"count":0,"href":"https:\/\/e-led.lv\/lv\/wp-json\/wp\/v2\/product\/22527\/revisions"}],"wp:featuredmedia":[{"embeddable":true,"href":"https:\/\/e-led.lv\/lv\/wp-json\/wp\/v2\/media\/22550"}],"wp:attachment":[{"href":"https:\/\/e-led.lv\/lv\/wp-json\/wp\/v2\/media?parent=22527"}],"wp:term":[{"taxonomy":"product_brand","embeddable":true,"href":"https:\/\/e-led.lv\/lv\/wp-json\/wp\/v2\/product_brand?post=22527"},{"taxonomy":"product_cat","embeddable":true,"href":"https:\/\/e-led.lv\/lv\/wp-json\/wp\/v2\/product_cat?post=22527"},{"taxonomy":"product_tag","embeddable":true,"href":"https:\/\/e-led.lv\/lv\/wp-json\/wp\/v2\/product_tag?post=22527"}],"curies":[{"name":"wp","href":"https:\/\/api.w.org\/{rel}","templated":true}]}}