{"id":23663,"date":"2021-05-18T19:18:47","date_gmt":"2021-05-18T16:18:48","guid":{"rendered":"http:\/\/e-led.lv\/?post_type=product&#038;p=23663"},"modified":"2022-01-05T21:10:35","modified_gmt":"2022-01-05T18:10:35","slug":"worklight-plus-pd-2","status":"publish","type":"product","link":"https:\/\/e-led.lv\/lv\/worklight-plus-pd-2\/","title":{"rendered":"WORKLIGHT PLUS PD"},"content":{"rendered":"<div>\n<div class=\"product-detail__description\">M\u016bsu WORKLIGHT PLUS PD DALI SWITCH piekarin\u0101mais gaismeklis ar 4000 kelviniem ieg\u016bs j\u016bs ar savu t\u012bro formu, un ir paredz\u0113ts lieto\u0161anai ar ener\u0123iju taupo\u0161\u0101m augst\u0101k\u0101s kvalit\u0101tes LED. \u0160\u012b gaisma ir apr\u012bkota ar\u012b ar kl\u0101tb\u016btnes detektoru un dienasgaismas kontroli. Tas nodro\u0161ina, ka gaisma nodro\u0161ina ide\u0101lus apst\u0101k\u013cus efekt\u012bvai un stil\u012bgai lieto\u0161anai. \u0160is gaismeklis ir apr\u012bkots ar piekaramo piekari un griestu rozi, t\u0101p\u0113c tas ir gatavs tie\u0161am savienojumam ar 230 V elektrot\u012bklu.<\/div>\n<\/div>\n<h1 class=\"headline headline--uppercase product-detail__headline\" style=\"text-align: center;\" data-qa=\"component headline\">Tehniskie dati<\/h1>\n<p><strong><a href=\"http:\/\/e-led.lv\/wp-content\/uploads\/2021\/05\/SLV_CE-Declaration_1003528_2085172.pdf\"><img decoding=\"async\" class=\" wd-lazy-fade wp-image-10558 alignnone\" role=\"img\" src=\"https:\/\/e-led.lv\/wp-content\/themes\/woodmart\/images\/lazy.svg\" data-src=\"http:\/\/e-led.lv\/wp-content\/uploads\/\/2020\/11\/file-pdf-regular.svg\" alt=\"\" width=\"22\" height=\"29\"> <span class=\"download-item__title\">CE declaration (pdf)<\/span><\/a><\/strong><\/p>\n<p><strong><a href=\"http:\/\/e-led.lv\/wp-content\/uploads\/2021\/05\/1659350.pdf\"><img decoding=\"async\" class=\" wd-lazy-fade wp-image-10558 alignnone\" role=\"img\" src=\"https:\/\/e-led.lv\/wp-content\/themes\/woodmart\/images\/lazy.svg\" data-src=\"http:\/\/e-led.lv\/wp-content\/uploads\/\/2020\/11\/file-pdf-regular.svg\" alt=\"\" width=\"22\" height=\"29\"> <span class=\"download-item__title\">Assembly drawings (pdf)<\/span><\/a><br \/>\n<\/strong><\/p>\n<p><a href=\"http:\/\/e-led.lv\/wp-content\/uploads\/2021\/05\/SLV_Datasheet_1003528_2582701.pdf\"><strong><img decoding=\"async\" class=\" wd-lazy-fade wp-image-10558 alignnone\" role=\"img\" src=\"https:\/\/e-led.lv\/wp-content\/themes\/woodmart\/images\/lazy.svg\" data-src=\"http:\/\/e-led.lv\/wp-content\/uploads\/\/2020\/11\/file-pdf-regular.svg\" alt=\"\" width=\"22\" height=\"29\"> <span class=\"download-item__title\">Datasheet (pdf)<\/span><\/strong><\/a><\/p>\n<p><a href=\"http:\/\/e-led.lv\/wp-content\/uploads\/2021\/05\/tender_text-62.txt\"><strong data-wp-editing=\"1\"><img decoding=\"async\" class=\" wd-lazy-fade wp-image-10558 alignnone\" role=\"img\" src=\"https:\/\/e-led.lv\/wp-content\/themes\/woodmart\/images\/lazy.svg\" data-src=\"http:\/\/e-led.lv\/wp-content\/uploads\/\/2020\/11\/file-pdf-regular.svg\" alt=\"\" width=\"22\" height=\"29\"> Tender Text (txt)<\/strong><\/a><\/p>\n","protected":false},"excerpt":{"rendered":"<p><span class=\"product-configurator__variants\"><span class=\"product-configurator__description spacing-right--inner spacing-right--small\">Iek\u0161telpu LED piekaram\u0101 gaisma antrac\u012bta 4000K,<\/span><\/span><\/p>\n","protected":false},"featured_media":23684,"template":"","meta":[],"product_brand":[],"product_cat":[117],"product_tag":[],"class_list":{"0":"post-23663","1":"product","2":"type-product","3":"status-publish","4":"has-post-thumbnail","6":"product_cat-piekaramie-led-paneli","8":"first","9":"instock","10":"taxable","11":"shipping-taxable","12":"purchasable","13":"product-type-simple"},"_links":{"self":[{"href":"https:\/\/e-led.lv\/lv\/wp-json\/wp\/v2\/product\/23663","targetHints":{"allow":["GET"]}}],"collection":[{"href":"https:\/\/e-led.lv\/lv\/wp-json\/wp\/v2\/product"}],"about":[{"href":"https:\/\/e-led.lv\/lv\/wp-json\/wp\/v2\/types\/product"}],"version-history":[{"count":0,"href":"https:\/\/e-led.lv\/lv\/wp-json\/wp\/v2\/product\/23663\/revisions"}],"wp:featuredmedia":[{"embeddable":true,"href":"https:\/\/e-led.lv\/lv\/wp-json\/wp\/v2\/media\/23684"}],"wp:attachment":[{"href":"https:\/\/e-led.lv\/lv\/wp-json\/wp\/v2\/media?parent=23663"}],"wp:term":[{"taxonomy":"product_brand","embeddable":true,"href":"https:\/\/e-led.lv\/lv\/wp-json\/wp\/v2\/product_brand?post=23663"},{"taxonomy":"product_cat","embeddable":true,"href":"https:\/\/e-led.lv\/lv\/wp-json\/wp\/v2\/product_cat?post=23663"},{"taxonomy":"product_tag","embeddable":true,"href":"https:\/\/e-led.lv\/lv\/wp-json\/wp\/v2\/product_tag?post=23663"}],"curies":[{"name":"wp","href":"https:\/\/api.w.org\/{rel}","templated":true}]}}