{"id":23731,"date":"2021-05-19T19:25:10","date_gmt":"2021-05-19T16:25:11","guid":{"rendered":"http:\/\/e-led.lv\/?post_type=product&#038;p=23731"},"modified":"2022-01-05T21:11:57","modified_gmt":"2022-01-05T18:11:57","slug":"opals-led-panel-600x600-ugr","status":"publish","type":"product","link":"https:\/\/e-led.lv\/lv\/opals-led-panel-600x600-ugr\/","title":{"rendered":"Op\u0101ls LED panelis 600&#215;600 UGR&lt;22"},"content":{"rendered":"<h1 class=\"headline headline--uppercase product-detail__headline\" style=\"text-align: center;\" data-qa=\"component headline\">Tehniskie dati<\/h1>\n<table width=\"296\">\n<tbody>\n<tr>\n<td width=\"168\">CRI<\/td>\n<td width=\"128\">80<\/td>\n<\/tr>\n<tr>\n<td>Kr\u0101su temperat\u016bra<\/td>\n<td>3000K\/4000K<\/td>\n<\/tr>\n<tr>\n<td>Indeksa aizsardz\u012bba<\/td>\n<td>IP40<\/td>\n<\/tr>\n<tr>\n<td>spriegums<\/td>\n<td>230V<\/td>\n<\/tr>\n<tr>\n<td>Driver<\/td>\n<td>J\u0101<\/td>\n<\/tr>\n<tr>\n<td>Lifetime<\/td>\n<td>50 000 h<\/td>\n<\/tr>\n<tr>\n<td>Kr\u0101su novirze<\/td>\n<td>3 step McAdam<\/td>\n<\/tr>\n<tr>\n<td>Le\u0146\u0137is<\/td>\n<td>110\u00ba<\/td>\n<\/tr>\n<\/tbody>\n<\/table>\n<p>&nbsp;<\/p>\n<p><strong><a href=\"http:\/\/e-led.lv\/wp-content\/uploads\/2021\/05\/15374785955ba40fc306e972.65043925.pdf\"><img decoding=\"async\" class=\" wd-lazy-fade wp-image-10558 alignnone\" role=\"img\" src=\"https:\/\/e-led.lv\/wp-content\/themes\/woodmart\/images\/lazy.svg\" data-src=\"http:\/\/e-led.lv\/wp-content\/uploads\/\/2020\/11\/file-pdf-regular.svg\" alt=\"\" width=\"22\" height=\"29\"> <span class=\"download-item__title\"><span class=\"badge\">Data sheet<\/span> (pdf)<\/span><\/a><\/strong><\/p>\n<p><strong><a href=\"http:\/\/e-led.lv\/wp-content\/uploads\/2021\/05\/15374786605ba41004dbd238.32414269.pdf\"><img decoding=\"async\" class=\" wd-lazy-fade wp-image-10558 alignnone\" role=\"img\" src=\"https:\/\/e-led.lv\/wp-content\/themes\/woodmart\/images\/lazy.svg\" data-src=\"http:\/\/e-led.lv\/wp-content\/uploads\/\/2020\/11\/file-pdf-regular.svg\" alt=\"\" width=\"22\" height=\"29\"> <span class=\"download-item__title\">Instruction (pdf)<\/span><\/a><br \/>\n<\/strong><\/p>\n<p><a href=\"http:\/\/e-led.lv\/wp-content\/uploads\/2021\/05\/15374786785ba41016de08e9.10067307.rar\"><strong><img decoding=\"async\" class=\" wd-lazy-fade wp-image-10558 alignnone\" role=\"img\" src=\"https:\/\/e-led.lv\/wp-content\/themes\/woodmart\/images\/lazy.svg\" data-src=\"http:\/\/e-led.lv\/wp-content\/uploads\/\/2020\/11\/file-pdf-regular.svg\" alt=\"\" width=\"22\" height=\"29\"> <span class=\"download-item__title\"><span class=\"badge\">LDT\/IES<\/span> (rar)<\/span><\/strong><\/a><\/p>\n","protected":false},"excerpt":{"rendered":"<p><span class=\"product-configurator__variants\"><span class=\"product-configurator__description spacing-right--inner spacing-right--small\">\u0101ra gr\u012bdas stat\u012bvs, TC-DSE, IP44, r\u016bs\u0113ts t\u0113rauds, L \/ W \/ H 12\/12\/80 cm, maks. 11W,<\/span><\/span><\/p>\n","protected":false},"featured_media":23697,"template":"","meta":[],"product_brand":[],"product_cat":[115],"product_tag":[],"class_list":{"0":"post-23731","1":"product","2":"type-product","3":"status-publish","4":"has-post-thumbnail","6":"product_cat-virsapmetuma-paneli","8":"first","9":"instock","10":"taxable","11":"shipping-taxable","12":"purchasable","13":"product-type-simple"},"_links":{"self":[{"href":"https:\/\/e-led.lv\/lv\/wp-json\/wp\/v2\/product\/23731","targetHints":{"allow":["GET"]}}],"collection":[{"href":"https:\/\/e-led.lv\/lv\/wp-json\/wp\/v2\/product"}],"about":[{"href":"https:\/\/e-led.lv\/lv\/wp-json\/wp\/v2\/types\/product"}],"version-history":[{"count":0,"href":"https:\/\/e-led.lv\/lv\/wp-json\/wp\/v2\/product\/23731\/revisions"}],"wp:featuredmedia":[{"embeddable":true,"href":"https:\/\/e-led.lv\/lv\/wp-json\/wp\/v2\/media\/23697"}],"wp:attachment":[{"href":"https:\/\/e-led.lv\/lv\/wp-json\/wp\/v2\/media?parent=23731"}],"wp:term":[{"taxonomy":"product_brand","embeddable":true,"href":"https:\/\/e-led.lv\/lv\/wp-json\/wp\/v2\/product_brand?post=23731"},{"taxonomy":"product_cat","embeddable":true,"href":"https:\/\/e-led.lv\/lv\/wp-json\/wp\/v2\/product_cat?post=23731"},{"taxonomy":"product_tag","embeddable":true,"href":"https:\/\/e-led.lv\/lv\/wp-json\/wp\/v2\/product_tag?post=23731"}],"curies":[{"name":"wp","href":"https:\/\/api.w.org\/{rel}","templated":true}]}}