{"id":23737,"date":"2021-05-19T19:27:28","date_gmt":"2021-05-19T16:27:29","guid":{"rendered":"http:\/\/e-led.lv\/?post_type=product&#038;p=23737"},"modified":"2022-01-05T21:11:56","modified_gmt":"2022-01-05T18:11:56","slug":"paraboliska-padzilinata-led-600x600-2-optika","status":"publish","type":"product","link":"https:\/\/e-led.lv\/lv\/paraboliska-padzilinata-led-600x600-2-optika\/","title":{"rendered":"Paraboliska padzi\u013cin\u0101ta LED 600&#215;600 2 optika"},"content":{"rendered":"<h1 class=\"headline headline--uppercase product-detail__headline\" style=\"text-align: center;\" data-qa=\"component headline\">Tehniskie dati<\/h1>\n<table width=\"296\">\n<tbody>\n<tr>\n<td width=\"168\">CRI<\/td>\n<td width=\"128\">80<\/td>\n<\/tr>\n<tr>\n<td>Kr\u0101su temperat\u016bra<\/td>\n<td>3000K\/4000K<\/td>\n<\/tr>\n<tr>\n<td>Iegul\u0161anas diametrs<\/td>\n<td>575&#215;575 mm<\/td>\n<\/tr>\n<tr>\n<td>Indeksa aizsardz\u012bba<\/td>\n<td>IP 20<\/td>\n<\/tr>\n<tr>\n<td>spriegums<\/td>\n<td>230V<\/td>\n<\/tr>\n<tr>\n<td>Driver<\/td>\n<td>J\u0101<\/td>\n<\/tr>\n<tr>\n<td>Lifetime<\/td>\n<td>50 000 h<\/td>\n<\/tr>\n<tr>\n<td>Le\u0146\u0137is<\/td>\n<td>80\u00ba<\/td>\n<\/tr>\n<\/tbody>\n<\/table>\n<p>&nbsp;<\/p>\n<p><strong><a href=\"http:\/\/e-led.lv\/wp-content\/uploads\/2021\/05\/15374785845ba40fb86cec68.60874287.pdf\"><img decoding=\"async\" class=\" wd-lazy-fade wp-image-10558 alignnone\" role=\"img\" src=\"https:\/\/e-led.lv\/wp-content\/themes\/woodmart\/images\/lazy.svg\" data-src=\"http:\/\/e-led.lv\/wp-content\/uploads\/\/2020\/11\/file-pdf-regular.svg\" alt=\"\" width=\"22\" height=\"29\"> <span class=\"download-item__title\"><span class=\"badge\">Data sheet<\/span> (pdf)<\/span><\/a><\/strong><\/p>\n<p><strong><a href=\"http:\/\/e-led.lv\/wp-content\/uploads\/2021\/05\/15374786525ba40ffc7324f1.58764056.pdf\"><img decoding=\"async\" class=\" wd-lazy-fade wp-image-10558 alignnone\" role=\"img\" src=\"https:\/\/e-led.lv\/wp-content\/themes\/woodmart\/images\/lazy.svg\" data-src=\"http:\/\/e-led.lv\/wp-content\/uploads\/\/2020\/11\/file-pdf-regular.svg\" alt=\"\" width=\"22\" height=\"29\"> <span class=\"download-item__title\">Instruction (pdf)<\/span><\/a><br \/>\n<\/strong><\/p>\n<p><a href=\"http:\/\/e-led.lv\/wp-content\/uploads\/2021\/05\/15374786825ba4101ace7913.93029718.rar\"><strong><img decoding=\"async\" class=\" wd-lazy-fade wp-image-10558 alignnone\" role=\"img\" src=\"https:\/\/e-led.lv\/wp-content\/themes\/woodmart\/images\/lazy.svg\" data-src=\"http:\/\/e-led.lv\/wp-content\/uploads\/\/2020\/11\/file-pdf-regular.svg\" alt=\"\" width=\"22\" height=\"29\"> <span class=\"download-item__title\"><span class=\"badge\">LDT\/IES<\/span> (rar)<\/span><\/strong><\/a><\/p>\n","protected":false},"excerpt":{"rendered":"<p><span class=\"product-configurator__variants\"><span class=\"product-configurator__description spacing-right--inner spacing-right--small\">\u0101ra gr\u012bdas stat\u012bvs, TC-DSE, IP44, r\u016bs\u0113ts t\u0113rauds, L \/ W \/ H 12\/12\/80 cm, maks. 11W,<\/span><\/span><\/p>\n","protected":false},"featured_media":23749,"template":"","meta":[],"product_brand":[],"product_cat":[115],"product_tag":[],"class_list":{"0":"post-23737","1":"product","2":"type-product","3":"status-publish","4":"has-post-thumbnail","6":"product_cat-virsapmetuma-paneli","8":"first","9":"instock","10":"taxable","11":"shipping-taxable","12":"purchasable","13":"product-type-simple"},"_links":{"self":[{"href":"https:\/\/e-led.lv\/lv\/wp-json\/wp\/v2\/product\/23737","targetHints":{"allow":["GET"]}}],"collection":[{"href":"https:\/\/e-led.lv\/lv\/wp-json\/wp\/v2\/product"}],"about":[{"href":"https:\/\/e-led.lv\/lv\/wp-json\/wp\/v2\/types\/product"}],"version-history":[{"count":0,"href":"https:\/\/e-led.lv\/lv\/wp-json\/wp\/v2\/product\/23737\/revisions"}],"wp:featuredmedia":[{"embeddable":true,"href":"https:\/\/e-led.lv\/lv\/wp-json\/wp\/v2\/media\/23749"}],"wp:attachment":[{"href":"https:\/\/e-led.lv\/lv\/wp-json\/wp\/v2\/media?parent=23737"}],"wp:term":[{"taxonomy":"product_brand","embeddable":true,"href":"https:\/\/e-led.lv\/lv\/wp-json\/wp\/v2\/product_brand?post=23737"},{"taxonomy":"product_cat","embeddable":true,"href":"https:\/\/e-led.lv\/lv\/wp-json\/wp\/v2\/product_cat?post=23737"},{"taxonomy":"product_tag","embeddable":true,"href":"https:\/\/e-led.lv\/lv\/wp-json\/wp\/v2\/product_tag?post=23737"}],"curies":[{"name":"wp","href":"https:\/\/api.w.org\/{rel}","templated":true}]}}