{"id":26320,"date":"2021-06-16T19:58:47","date_gmt":"2021-06-16T16:58:48","guid":{"rendered":"http:\/\/e-led.lv\/?post_type=product&#038;p=26320"},"modified":"2021-09-24T11:09:57","modified_gmt":"2021-09-24T08:09:57","slug":"tracking-rail-gb-2100-2-1-cct-1m-black","status":"publish","type":"product","link":"https:\/\/e-led.lv\/lv\/tracking-rail-gb-2100-2-1-cct-1m-black\/","title":{"rendered":"Izseko\u0161anas sliede GB 2100-2 1-CCT 1m melna"},"content":{"rendered":"<div>\n<div class=\"product-detail__description\">RUSTY s\u0113rijas tie\u0161ie izstarojo\u0161ie gr\u012bdas stat\u012bvi p\u0101rliecina ar to izcilo r\u016bsas izskatu. To pan\u0101k, izmantojot \u012bpa\u0161u FeCSi t\u0113rauda \u0137\u012bmisko apstr\u0101di. Tas padara gaismekli par unik\u0101lu gabalu un absol\u016bti \u012bpa\u0161u funkciju visur, kur tie ir uzst\u0101d\u012bti. Ar aizsardz\u012bbas klasi IP55 tas ir piem\u0113rots izmanto\u0161anai \u0101rpus telp\u0101m. K\u0101 papildapr\u012bkojums ir pieejams zemes smaile, k\u0101 ar\u012b savienojuma kaste dro\u0161ai elektriskai savieno\u0161anai ar apa\u013co gaismekli vertik\u0101li. Apr\u012bkots ar augstas izejas COB LED, gaismeklis tiek savienots tie\u0161i ar 230 V t\u012bkla padevi.<\/div>\n<\/div>\n<h1 class=\"headline headline--uppercase product-detail__headline\" style=\"text-align: center;\" data-qa=\"component headline\">Tehniskie dati<\/h1>\n<table width=\"559\">\n<tbody>\n<tr>\n<td width=\"160\">Produkta nosaukums<\/td>\n<td width=\"123\">RUSTY \u00ae SLOT 80<\/td>\n<td width=\"146\">Mont\u0101\u017eas deta\u013cas<\/td>\n<td width=\"130\">Zeme<\/td>\n<\/tr>\n<tr>\n<td width=\"160\">BIG WHITE Page<\/td>\n<td>601<\/td>\n<td width=\"146\">Forma<\/td>\n<td>kvadr\u0101ts<\/td>\n<\/tr>\n<tr>\n<td width=\"160\">Kr\u0101sa<\/td>\n<td>r\u016bsa<\/td>\n<td>Platums<\/td>\n<td>12 cm<\/td>\n<\/tr>\n<tr>\n<td width=\"160\">Materi\u0101ls<\/td>\n<td>FeCSi t\u0113rauds<\/td>\n<td width=\"146\">Augstums<\/td>\n<td>80 cm<\/td>\n<\/tr>\n<tr>\n<td width=\"160\">elektrisk\u0101 jauda<\/td>\n<td>9 W<\/td>\n<td width=\"146\">Gaismas izeja<\/td>\n<td width=\"130\">tie\u0161s<\/td>\n<\/tr>\n<tr>\n<td width=\"160\">Lumen \/ jauda<\/td>\n<td>3,33 lm \/ W<\/td>\n<td width=\"146\">Gaismas intensit\u0101tes sadal\u012bjums<\/td>\n<td>simetrisks<\/td>\n<\/tr>\n<tr>\n<td width=\"160\">Gaismas pl\u016bsma<\/td>\n<td>30 lm<\/td>\n<td width=\"146\">Kr\u0101su konsistence<\/td>\n<td width=\"130\">6 SDCM<\/td>\n<\/tr>\n<tr>\n<td width=\"160\">Kr\u0101su temperat\u016bra<\/td>\n<td width=\"123\">3000 Kelvinu<\/td>\n<td width=\"146\">Kalpo\u0161anas laiks<\/td>\n<td>35000 stundas<\/td>\n<\/tr>\n<tr>\n<td width=\"160\">Puse staru le\u0146\u0137a<\/td>\n<td width=\"123\">35 \u00b0<\/td>\n<td>Apk\u0101rt\u0113j\u0101s vides temperat\u016bra<\/td>\n<td>-20 &#8211; 45 \u00b0 C<\/td>\n<\/tr>\n<tr>\n<td width=\"160\">CRI<\/td>\n<td width=\"123\">90<\/td>\n<td width=\"146\">Prim\u0101rais nomin\u0101lais spriegums<\/td>\n<td>220-240V ~ 50 \/ 60Hz<\/td>\n<\/tr>\n<tr>\n<td width=\"160\">Aizsardz\u012bbas kategorija<\/td>\n<td width=\"123\">I<\/td>\n<td width=\"146\">Neto svars<\/td>\n<td>16,06 kg<\/td>\n<\/tr>\n<tr>\n<td width=\"160\">IP kods<\/td>\n<td width=\"123\">IP 55<\/td>\n<td width=\"146\">Sv\u0113rtais pat\u0113ri\u0146\u0161<\/td>\n<td>9 kWh \/ 1.000h<\/td>\n<\/tr>\n<tr>\n<td width=\"160\">Mont\u0101\u017ea<\/td>\n<td width=\"123\">Virsma<\/td>\n<td width=\"146\">LXXBXX dati<\/td>\n<td width=\"130\">L70B50<\/td>\n<\/tr>\n<\/tbody>\n<\/table>\n<p><strong><a href=\"http:\/\/e-led.lv\/wp-content\/uploads\/2021\/03\/262983.pdf\"><img decoding=\"async\" class=\" wd-lazy-fade wp-image-10558 alignnone\" role=\"img\" src=\"https:\/\/e-led.lv\/wp-content\/themes\/woodmart\/images\/lazy.svg\" data-src=\"http:\/\/e-led.lv\/wp-content\/uploads\/\/2020\/11\/file-pdf-regular.svg\" alt=\"\" width=\"22\" height=\"29\"> Rokasgr\u0101mata (pdf)<\/a><\/strong><\/p>\n<p><strong><a href=\"http:\/\/e-led.lv\/wp-content\/uploads\/2021\/03\/210157.pdf\"><img decoding=\"async\" class=\" wd-lazy-fade wp-image-10558 alignnone\" role=\"img\" src=\"https:\/\/e-led.lv\/wp-content\/themes\/woodmart\/images\/lazy.svg\" data-src=\"http:\/\/e-led.lv\/wp-content\/uploads\/\/2020\/11\/file-pdf-regular.svg\" alt=\"\" width=\"22\" height=\"29\"> <span class=\"download-item__title\">CE deklar\u0101cija (pdf) <\/span><\/a><\/strong><\/p>\n<p><strong><a href=\"http:\/\/e-led.lv\/wp-content\/uploads\/2021\/03\/381991.pdf\"><img decoding=\"async\" class=\" wd-lazy-fade wp-image-10558 alignnone\" role=\"img\" src=\"https:\/\/e-led.lv\/wp-content\/themes\/woodmart\/images\/lazy.svg\" data-src=\"http:\/\/e-led.lv\/wp-content\/uploads\/\/2020\/11\/file-pdf-regular.svg\" alt=\"\" width=\"22\" height=\"29\"> <span class=\"download-item__title\">Mont\u0101\u017eas ras\u0113jumi (pdf) <\/span><\/a><br \/>\n<\/strong><\/p>\n<p><a href=\"http:\/\/e-led.lv\/wp-content\/uploads\/2021\/03\/2585045.pdf\"><strong><img decoding=\"async\" class=\" wd-lazy-fade wp-image-10558 alignnone\" role=\"img\" src=\"https:\/\/e-led.lv\/wp-content\/themes\/woodmart\/images\/lazy.svg\" data-src=\"http:\/\/e-led.lv\/wp-content\/uploads\/\/2020\/11\/file-pdf-regular.svg\" alt=\"\" width=\"22\" height=\"29\"> <span class=\"download-item__title\">Datu lapa (pdf)<\/span><\/strong><\/a><\/p>\n<p><a href=\"http:\/\/e-led.lv\/wp-content\/uploads\/2021\/03\/tender_text-1.txt\"><strong><img decoding=\"async\" class=\" wd-lazy-fade wp-image-10558 alignnone\" role=\"img\" src=\"https:\/\/e-led.lv\/wp-content\/themes\/woodmart\/images\/lazy.svg\" data-src=\"http:\/\/e-led.lv\/wp-content\/uploads\/\/2020\/11\/file-pdf-regular.svg\" alt=\"\" width=\"22\" height=\"29\"> Konkursa teksts (txt)<\/strong><\/a><\/p>\n","protected":false},"excerpt":{"rendered":"<p><strong>1m melns<\/strong><\/p>\n","protected":false},"featured_media":26327,"template":"","meta":[],"product_brand":[],"product_cat":[125],"product_tag":[],"class_list":{"0":"post-26320","1":"product","2":"type-product","3":"status-publish","4":"has-post-thumbnail","6":"product_cat-sliedes-prozektori","8":"first","9":"instock","10":"taxable","11":"shipping-taxable","12":"purchasable","13":"product-type-simple"},"_links":{"self":[{"href":"https:\/\/e-led.lv\/lv\/wp-json\/wp\/v2\/product\/26320","targetHints":{"allow":["GET"]}}],"collection":[{"href":"https:\/\/e-led.lv\/lv\/wp-json\/wp\/v2\/product"}],"about":[{"href":"https:\/\/e-led.lv\/lv\/wp-json\/wp\/v2\/types\/product"}],"version-history":[{"count":0,"href":"https:\/\/e-led.lv\/lv\/wp-json\/wp\/v2\/product\/26320\/revisions"}],"wp:featuredmedia":[{"embeddable":true,"href":"https:\/\/e-led.lv\/lv\/wp-json\/wp\/v2\/media\/26327"}],"wp:attachment":[{"href":"https:\/\/e-led.lv\/lv\/wp-json\/wp\/v2\/media?parent=26320"}],"wp:term":[{"taxonomy":"product_brand","embeddable":true,"href":"https:\/\/e-led.lv\/lv\/wp-json\/wp\/v2\/product_brand?post=26320"},{"taxonomy":"product_cat","embeddable":true,"href":"https:\/\/e-led.lv\/lv\/wp-json\/wp\/v2\/product_cat?post=26320"},{"taxonomy":"product_tag","embeddable":true,"href":"https:\/\/e-led.lv\/lv\/wp-json\/wp\/v2\/product_tag?post=26320"}],"curies":[{"name":"wp","href":"https:\/\/api.w.org\/{rel}","templated":true}]}}