{"id":26495,"date":"2021-06-22T14:55:21","date_gmt":"2021-06-22T11:55:22","guid":{"rendered":"http:\/\/e-led.lv\/?post_type=product&#038;p=26495"},"modified":"2021-09-09T17:40:08","modified_gmt":"2021-09-09T14:40:08","slug":"betona-enkuru-komplekts-tvaika-slim-30-60-90","status":"publish","type":"product","link":"https:\/\/e-led.lv\/lv\/betona-enkuru-komplekts-tvaika-slim-30-60-90\/","title":{"rendered":"BETONA ANKURU KOMPLEKTS VAP SLIM 30\/60\/90"},"content":{"rendered":"<p style=\"text-align: left;\">Betona enkura komplekts gr\u012bdas stat\u012bviem tiek izmantots gaismek\u013cu vienk\u0101r\u0161otai piestiprin\u0101\u0161anai pie v\u0113l neiz\u0101rst\u0113t\u0101m betona pamatn\u0113m.<\/p>\n<h1 class=\"headline headline--uppercase product-detail__headline\" style=\"text-align: center;\" data-qa=\"component headline\">Tehniskie dati<\/h1>\n<table dir=\"ltr\" border=\"1\" cellspacing=\"0\" cellpadding=\"0\">\n<colgroup>\n<col width=\"80\">\n<col width=\"80\">\n<col width=\"80\">\n<col width=\"80\"><\/colgroup>\n<tbody>\n<tr>\n<td data-sheets-value=\"{\"1\":2,\"2\":\"BIG WHITE Page\"}\">BIG WHITE Page<\/td>\n<td data-sheets-value=\"{\"1\":3,\"3\":582}\">582<\/td>\n<td data-sheets-value=\"{\"1\":2,\"2\":\"IP Code\"}\">IP kods<\/td>\n<td data-sheets-value=\"{\"1\":2,\"2\":\"IP 20\"}\">IP 20<\/td>\n<\/tr>\n<tr>\n<td data-sheets-value=\"{\"1\":2,\"2\":\"Colour\"}\">Kr\u0101sa<\/td>\n<td data-sheets-value=\"{\"1\":2,\"2\":\"stainless steel\"}\">Ner\u016bs\u0113jo\u0161ais t\u0113rauds<\/td>\n<td data-sheets-value=\"{\"1\":2,\"2\":\"Diameter\"}\">Diametrs<\/td>\n<td data-sheets-value=\"{\"1\":2,\"2\":\"10.5 cm\"}\">10.5 cm<\/td>\n<\/tr>\n<tr>\n<td data-sheets-value=\"{\"1\":2,\"2\":\"Depth\"}\">Dzi\u013cums<\/td>\n<td data-sheets-value=\"{\"1\":2,\"2\":\"0.3 cm\"}\">0.3 cm<\/td>\n<td data-sheets-value=\"{\"1\":2,\"2\":\"Net weight\"}\">Neto svars<\/td>\n<td data-sheets-value=\"{\"1\":2,\"2\":\"0.21 kg\"}\">0,21 kg<\/td>\n<\/tr>\n<\/tbody>\n<\/table>\n<p><strong><a href=\"http:\/\/e-led.lv\/wp-content\/uploads\/2021\/06\/SLV_Datasheet_230061_2578099.pdf\"><img decoding=\"async\" class=\" wd-lazy-fade wp-image-10558 alignnone\" role=\"img\" src=\"https:\/\/e-led.lv\/wp-content\/themes\/woodmart\/images\/lazy.svg\" data-src=\"http:\/\/e-led.lv\/wp-content\/uploads\/\/2020\/11\/file-pdf-regular.svg\" alt=\"\" width=\"22\" height=\"29\"> <span class=\"download-item__title\">Datasheet (pdf)<\/span><\/a><\/strong><\/p>\n<p>&nbsp;<\/p>\n","protected":false},"excerpt":{"rendered":"<p><span class=\"product-configurator__variants\"><span class=\"product-configurator__description spacing-right--inner spacing-right--small\">ROX ACRYL betona enkurs,<\/span><\/span><\/p>\n<p>&nbsp;<\/p>\n","protected":false},"featured_media":26501,"template":"","meta":[],"product_brand":[],"product_cat":[169],"product_tag":[],"class_list":{"0":"post-26495","1":"product","2":"type-product","3":"status-publish","4":"has-post-thumbnail","6":"product_cat-aksesuari","8":"first","9":"instock","10":"taxable","11":"shipping-taxable","12":"purchasable","13":"product-type-simple"},"_links":{"self":[{"href":"https:\/\/e-led.lv\/lv\/wp-json\/wp\/v2\/product\/26495","targetHints":{"allow":["GET"]}}],"collection":[{"href":"https:\/\/e-led.lv\/lv\/wp-json\/wp\/v2\/product"}],"about":[{"href":"https:\/\/e-led.lv\/lv\/wp-json\/wp\/v2\/types\/product"}],"version-history":[{"count":0,"href":"https:\/\/e-led.lv\/lv\/wp-json\/wp\/v2\/product\/26495\/revisions"}],"wp:featuredmedia":[{"embeddable":true,"href":"https:\/\/e-led.lv\/lv\/wp-json\/wp\/v2\/media\/26501"}],"wp:attachment":[{"href":"https:\/\/e-led.lv\/lv\/wp-json\/wp\/v2\/media?parent=26495"}],"wp:term":[{"taxonomy":"product_brand","embeddable":true,"href":"https:\/\/e-led.lv\/lv\/wp-json\/wp\/v2\/product_brand?post=26495"},{"taxonomy":"product_cat","embeddable":true,"href":"https:\/\/e-led.lv\/lv\/wp-json\/wp\/v2\/product_cat?post=26495"},{"taxonomy":"product_tag","embeddable":true,"href":"https:\/\/e-led.lv\/lv\/wp-json\/wp\/v2\/product_tag?post=26495"}],"curies":[{"name":"wp","href":"https:\/\/api.w.org\/{rel}","templated":true}]}}