{"id":27188,"date":"2021-11-16T12:53:22","date_gmt":"2021-12-10T12:28:33","guid":{"rendered":"http:\/\/e-led.lv\/product\/led-prozektors-heq-100w-30-5700k-ip66\/"},"modified":"2022-05-26T19:08:58","modified_gmt":"2022-05-26T16:08:58","slug":"led-floodlight-heq-100w-30-5700k-ip66","status":"publish","type":"product","link":"https:\/\/e-led.lv\/lv\/led-floodlight-heq-100w-30-5700k-ip66\/","title":{"rendered":"LED pro\u017eektors HEQ 100W, 30\u00b0, 5700K, IP66"},"content":{"rendered":"<h1 class=\"headline headline--uppercase product-detail__headline\" style=\"text-align: center;\" data-qa=\"component headline\">Tehniskie dati<\/h1>\n<p>&nbsp;<\/p>\n<table id=\"product-attribute-specs-table\" class=\"data table additional-attributes\">\n<tbody>\n<tr>\n<th class=\"col label\" scope=\"row\">Piktogramma<\/th>\n<td class=\"col data\" data-th=\"Piktogramm\"><img decoding=\"async\" src=\"https:\/\/www.isoled.shop\/pub\/media\/wysiwyg\/grafik\/energieeffizienzlabels\/C_web.jpg\" alt=\" Ener\u0123ijas mar\u0137\u0113jums C\"><\/td>\n<\/tr>\n<tr>\n<th class=\"col label\" scope=\"row\">Produkta apraksts<\/th>\n<td class=\"col data\" data-th=\"Product description\">LED pro\u017eektors HEQ 100W, 30\u00b0, 5700K, IP66<\/td>\n<\/tr>\n<tr>\n<th class=\"col label\" scope=\"row\">EAN<\/th>\n<td class=\"col data\" data-th=\"EAN\">9009377095832<\/td>\n<\/tr>\n<tr>\n<th class=\"col label\" scope=\"row\">Dimm\u0113jams<\/th>\n<td class=\"col data\" data-th=\"Dimmable\">N\u0113<\/td>\n<\/tr>\n<tr>\n<th class=\"col label\" scope=\"row\">Gaismas pl\u016bsma l\u016bmen\u0101<\/th>\n<td class=\"col data\" data-th=\"Luminous flux in lumen\">13550<\/td>\n<\/tr>\n<tr>\n<th class=\"col label\" scope=\"row\">Stara le\u0146\u0137is<\/th>\n<td class=\"col data\" data-th=\"Beam angle\">30\u00b0<\/td>\n<\/tr>\n<tr>\n<th class=\"col label\" scope=\"row\">Kr\u0101su temperat\u016bra<\/th>\n<td class=\"col data\" data-th=\"Color temperature\">5700K<\/td>\n<\/tr>\n<tr>\n<th class=\"col label\" scope=\"row\">CRI (RA) v\u0113rt\u012bba<\/th>\n<td class=\"col data\" data-th=\"CRI (RA) value\">80<\/td>\n<\/tr>\n<tr>\n<th class=\"col label\" scope=\"row\">Nomin\u0101lais spriegums<\/th>\n<td class=\"col data\" data-th=\"Nominal voltage\">100-240V mai\u0146str\u0101va<\/td>\n<\/tr>\n<tr>\n<th class=\"col label\" scope=\"row\">Nomin\u0101l\u0101 jauda vatos<\/th>\n<td class=\"col data\" data-th=\"Rated power in Watt\">100<\/td>\n<\/tr>\n<tr>\n<th class=\"col label\" scope=\"row\">Akt\u012bv\u0101 jauda vatos<\/th>\n<td class=\"col data\" data-th=\"Active power in Watt\">99<\/td>\n<\/tr>\n<tr>\n<th class=\"col label\" scope=\"row\">\u0160\u0137ietam\u0101 jauda VA<\/th>\n<td class=\"col data\" data-th=\"Apparent power in VA\">103,5<\/td>\n<\/tr>\n<tr>\n<th class=\"col label\" scope=\"row\">Energoefektivit\u0101tes klase<\/th>\n<td class=\"col data\" data-th=\"Energy efficiency class\">C<\/td>\n<\/tr>\n<tr>\n<th class=\"col label\" scope=\"row\">Aizsardz\u012bbas klase<\/th>\n<td class=\"col data\" data-th=\"Protection class\">IP66<\/td>\n<\/tr>\n<tr>\n<th class=\"col label\" scope=\"row\">iek\u0161telp\u0101s\/\u0101rtelp\u0101s<\/th>\n<td class=\"col data\" data-th=\"indoor\/outdoor\">Y<\/td>\n<\/tr>\n<tr>\n<th class=\"col label\" scope=\"row\">maks. apk\u0101rt\u0113j\u0101s vides temperat\u016bra \u00b0C<\/th>\n<td class=\"col data\" data-th=\"max. ambient temperature in \u00b0C\">-20\u00b0 &#8211; 40\u00b0<\/td>\n<\/tr>\n<tr>\n<th class=\"col label\" scope=\"row\">Garums mm<\/th>\n<td class=\"col data\" data-th=\"Length in mm\">313<\/td>\n<\/tr>\n<tr>\n<th class=\"col label\" scope=\"row\">Platums mm<\/th>\n<td class=\"col data\" data-th=\"  Width in mm  \">231<\/td>\n<\/tr>\n<tr>\n<th class=\"col label\" scope=\"row\">Augstums mm<\/th>\n<td class=\"col data\" data-th=\"Height in mm\">53<\/td>\n<\/tr>\n<tr>\n<th class=\"col label\" scope=\"row\">M\u0101jok\u013ca materi\u0101ls<\/th>\n<td class=\"col data\" data-th=\"Housing material\">Alum\u012bnijs<\/td>\n<\/tr>\n<tr>\n<th class=\"col label\" scope=\"row\">LED tips<\/th>\n<td class=\"col data\" data-th=\"LED Type\">Lumileds 3030<\/td>\n<\/tr>\n<tr>\n<th class=\"col label\" scope=\"row\">Garantija gados<\/th>\n<td class=\"col data\" data-th=\"Guarantee in years\">5<\/td>\n<\/tr>\n<tr>\n<th class=\"col label\" scope=\"row\">Lifetime<\/th>\n<td class=\"col data\" data-th=\"Lifetime\">35000<\/td>\n<\/tr>\n<tr>\n<th class=\"col label\" scope=\"row\">P\u0101rsl\u0113g\u0161anas cikli<\/th>\n<td class=\"col data\" data-th=\"Switching cycles\">30000<\/td>\n<\/tr>\n<tr>\n<th class=\"col label\" scope=\"row\">Korpusa kr\u0101sa<\/th>\n<td class=\"col data\" data-th=\"Housing color\">Antrac\u012bts<\/td>\n<\/tr>\n<tr>\n<th class=\"col label\" scope=\"row\">ISO LED kataloga lapa<\/th>\n<td class=\"col data\" data-th=\"ISOLED catalog page\">137<\/td>\n<\/tr>\n<\/tbody>\n<\/table>\n<p>&nbsp;<\/p>\n","protected":false},"excerpt":{"rendered":"<p><strong>5700K \/ 100W <\/strong><\/p>\n","protected":false},"featured_media":27165,"template":"","meta":[],"product_brand":[],"product_cat":[152],"product_tag":[],"class_list":{"0":"post-27188","1":"product","2":"type-product","3":"status-publish","4":"has-post-thumbnail","6":"product_cat-led-stadionu-un-teritoriju-prozektori","8":"first","9":"instock","10":"taxable","11":"shipping-taxable","12":"purchasable","13":"product-type-simple"},"_links":{"self":[{"href":"https:\/\/e-led.lv\/lv\/wp-json\/wp\/v2\/product\/27188","targetHints":{"allow":["GET"]}}],"collection":[{"href":"https:\/\/e-led.lv\/lv\/wp-json\/wp\/v2\/product"}],"about":[{"href":"https:\/\/e-led.lv\/lv\/wp-json\/wp\/v2\/types\/product"}],"version-history":[{"count":0,"href":"https:\/\/e-led.lv\/lv\/wp-json\/wp\/v2\/product\/27188\/revisions"}],"wp:featuredmedia":[{"embeddable":true,"href":"https:\/\/e-led.lv\/lv\/wp-json\/wp\/v2\/media\/27165"}],"wp:attachment":[{"href":"https:\/\/e-led.lv\/lv\/wp-json\/wp\/v2\/media?parent=27188"}],"wp:term":[{"taxonomy":"product_brand","embeddable":true,"href":"https:\/\/e-led.lv\/lv\/wp-json\/wp\/v2\/product_brand?post=27188"},{"taxonomy":"product_cat","embeddable":true,"href":"https:\/\/e-led.lv\/lv\/wp-json\/wp\/v2\/product_cat?post=27188"},{"taxonomy":"product_tag","embeddable":true,"href":"https:\/\/e-led.lv\/lv\/wp-json\/wp\/v2\/product_tag?post=27188"}],"curies":[{"name":"wp","href":"https:\/\/api.w.org\/{rel}","templated":true}]}}